{"id":183,"date":"2020-12-09T12:39:51","date_gmt":"2020-12-09T09:39:51","guid":{"rendered":"https:\/\/ecoline.md\/?page_id=183"},"modified":"2024-05-23T19:14:33","modified_gmt":"2024-05-23T16:14:33","slug":"o-nas","status":"publish","type":"page","link":"https:\/\/ecoline.md\/ro\/o-nas\/","title":{"rendered":"Despre noi"},"content":{"rendered":"<div class=\"wp-block-columns are-vertically-aligned-center is-layout-flex wp-container-core-columns-is-layout-28f84493 wp-block-columns-is-layout-flex\">\n<div class=\"wp-block-column is-vertically-aligned-center is-layout-flow wp-block-column-is-layout-flow\" style=\"flex-basis:66.66%\">\n<p><strong><a href=\"https:\/\/ecoline.md\/ro\/\" class=\"rank-math-link\">MASTECO GRUP SRL<\/a><\/strong> \u2014 este lider \u00een v\u00e2nzarea de sta\u021bii de epurare biologic\u0103 a apelor uzate menajere.<\/p>\n\n\n\n<p>Compania noastr\u0103 prezint\u0103 produse TOPOL-ECO pe teritoriul Republicii Moldova din februarie 2006 \u0219i, \u00een ultimii ani, mul\u021bi reziden\u021bi ai \u021b\u0103rii noastre au putut vedea beneficiile acestor produse. <\/p>\n\n\n\n<p>Instala\u021biile TOPOL-ECO sunt produse moderne \u00een serie \u0219i exclusive realizate din polipropilen\u0103, polietilen\u0103, PVC \u0219i PVDF.<\/p>\n\n\n\n<p>Activit\u0103\u021bile principale ale companiei sunt produc\u021bia \u0219i reconstruc\u021bia instala\u021biilor de tratare de diferite capacit\u0103\u021bi, proiectarea \u0219i fabricarea echipamentelor pentru liniile galvanice, produc\u021bia de \u021bevi pentru alimentarea cu ap\u0103 rece, cald\u0103 \u0219i evacuarea apelor uzate.<\/p>\n\n\n\n<p>Consider\u0103m c\u0103 cel mai important aspect al activit\u0103\u021bilor noastre este reducerea impactului negativ asupra mediului \u0219i conservarea bog\u0103\u021biei naturale a planetei pentru genera\u021biile viitoare, prin urmare obiectivul strategic principal este producerea de echipamente fiabile \u0219i eficiente, care s\u0103 \u00eendeplineasc\u0103 toate cerin\u021bele moderne de mediu \u0219i standardele.<\/p>\n\n\n\n<p>Am ob\u021binut rezultate grozave prin \u00eembun\u0103t\u0103\u021birea constant\u0103 a calit\u0103\u021bii produselor noastre, introducerea de noi tehnologii, folosind cele mai recente realiz\u0103ri ale \u0219tiin\u021bei \u0219i tehnologiei. Valori precum: abordare individual\u0103 a fiec\u0103rui client, profesionalism, calitate \u0219i inova\u021bie.<\/p>\n<\/div>\n\n\n\n<div class=\"wp-block-column is-vertically-aligned-center is-layout-flow wp-block-column-is-layout-flow\" style=\"flex-basis:33.33%\">\n<div class=\"wp-block-image\"><figure class=\"aligncenter size-large is-resized\"><img decoding=\"async\" src=\"https:\/\/ecoline.md\/wp-content\/uploads\/2021\/01\/topas-1-724x1024.jpg\" alt=\"-\" class=\"wp-image-329\" width=\"543\" height=\"768\" srcset=\"https:\/\/ecoline.md\/wp-content\/uploads\/2021\/01\/topas-1-724x1024.jpg 724w, https:\/\/ecoline.md\/wp-content\/uploads\/2021\/01\/topas-1-212x300.jpg 212w, https:\/\/ecoline.md\/wp-content\/uploads\/2021\/01\/topas-1-768x1086.jpg 768w, https:\/\/ecoline.md\/wp-content\/uploads\/2021\/01\/topas-1-1086x1536.jpg 1086w, https:\/\/ecoline.md\/wp-content\/uploads\/2021\/01\/topas-1-1449x2048.jpg 1449w, https:\/\/ecoline.md\/wp-content\/uploads\/2021\/01\/topas-1-8x12.jpg 8w, https:\/\/ecoline.md\/wp-content\/uploads\/2021\/01\/topas-1-416x588.jpg 416w, https:\/\/ecoline.md\/wp-content\/uploads\/2021\/01\/topas-1-64x90.jpg 64w, https:\/\/ecoline.md\/wp-content\/uploads\/2021\/01\/topas-1.jpg 1132w\" sizes=\"(max-width: 543px) 100vw, 543px\" \/><\/figure><\/div>\n<\/div>\n<\/div>","protected":false},"excerpt":{"rendered":"<p>MASTECO GRUP SRL &#8212; \u043b\u0438\u0434\u0435\u0440 \u0432 \u043f\u0440\u043e\u0434\u0430\u0436\u0435 \u0443\u0441\u0442\u0430\u043d\u043e\u0432\u043e\u043a \u0431\u0438\u043e\u043b\u043e\u0433\u0438\u0447\u0435\u0441\u043a\u043e\u0439 \u043e\u0447\u0438\u0441\u0442\u043a\u0438 \u0431\u044b\u0442\u043e\u0432\u044b\u0445 \u043a\u0430\u043d\u0430\u043b\u0438\u0437\u0430\u0446\u0438\u043e\u043d\u043d\u044b\u0445 \u0441\u0442\u043e\u0447\u043d\u044b\u0445 \u0432\u043e\u0434. \u041d\u0430\u0448\u0430 \u043a\u043e\u043c\u043f\u0430\u043d\u0438\u044f \u043f\u0440\u0435\u0434\u0441\u0442\u0430\u0432\u043b\u044f\u0435\u0442 \u043f\u0440\u043e\u0434\u0443\u043a\u0446\u0438\u044e &#171;\u0422\u041e\u041f\u041e\u041b-\u042d\u041a\u041e&#187; \u043d\u0430 \u0442\u0435\u0440\u0440\u0438\u0442\u043e\u0440\u0438\u0438 \u0440\u0435\u0441\u043f\u0443\u0431\u043b\u0438\u043a\u0438 \u041c\u043e\u043b\u0434\u043e\u0432\u0430 \u0441 \u0444\u0435\u0432\u0440\u0430\u043b\u044f 2006 \u0433. \u0438 \u0437\u0430 \u043f\u0440\u043e\u0448\u0435\u0434\u0448\u0435\u0435 \u0432\u0440\u0435\u043c\u044f \u043c\u043d\u043e\u0433\u0438\u0435 \u0436\u0438\u0442\u0435\u043b\u0438 \u043d\u0430\u0448\u0435\u0439 \u0441\u0442\u0440\u0430\u043d\u044b \u0441\u043c\u043e\u0433\u043b\u0438 \u0443\u0431\u0435\u0434\u0438\u0442\u044c\u0441\u044f \u0432 \u043f\u0440\u0435\u0438\u043c\u0443\u0449\u0435\u0441\u0442\u0432\u0430\u0445 \u044d\u0442\u043e\u0439 \u043f\u0440\u043e\u0434\u0443\u043a\u0446\u0438\u0438. \u0423\u0441\u0442\u0430\u043d\u043e\u0432\u043a\u0438 &#171;\u0422\u041e\u041f\u041e\u041b-\u042d\u041a\u041e&#187; &#8212; \u044d\u0442\u043e \u0441\u043e\u0432\u0440\u0435\u043c\u0435\u043d\u043d\u0430\u044f \u0441\u0435\u0440\u0438\u0439\u043d\u0430\u044f \u0438 \u044d\u043a\u0441\u043a\u043b\u044e\u0437\u0438\u0432\u043d\u0430\u044f \u043f\u0440\u043e\u0434\u0443\u043a\u0446\u0438\u044f \u0438\u0437 \u043f\u043e\u043b\u0438\u043f\u0440\u043e\u043f\u0438\u043b\u0435\u043d\u0430, \u043f\u043e\u043b\u0438\u044d\u0442\u0438\u043b\u0435\u043d\u0430, \u041f\u0412\u0425 \u0438 [&hellip;]<\/p>\n","protected":false},"author":1,"featured_media":0,"parent":0,"menu_order":0,"comment_status":"closed","ping_status":"closed","template":"template-fullwidth.php","meta":{"_acf_changed":false,"footnotes":""},"class_list":["post-183","page","type-page","status-publish","hentry"],"acf":[],"_links":{"self":[{"href":"https:\/\/ecoline.md\/ro\/wp-json\/wp\/v2\/pages\/183","targetHints":{"allow":["GET"]}}],"collection":[{"href":"https:\/\/ecoline.md\/ro\/wp-json\/wp\/v2\/pages"}],"about":[{"href":"https:\/\/ecoline.md\/ro\/wp-json\/wp\/v2\/types\/page"}],"author":[{"embeddable":true,"href":"https:\/\/ecoline.md\/ro\/wp-json\/wp\/v2\/users\/1"}],"replies":[{"embeddable":true,"href":"https:\/\/ecoline.md\/ro\/wp-json\/wp\/v2\/comments?post=183"}],"version-history":[{"count":1,"href":"https:\/\/ecoline.md\/ro\/wp-json\/wp\/v2\/pages\/183\/revisions"}],"predecessor-version":[{"id":1625,"href":"https:\/\/ecoline.md\/ro\/wp-json\/wp\/v2\/pages\/183\/revisions\/1625"}],"wp:attachment":[{"href":"https:\/\/ecoline.md\/ro\/wp-json\/wp\/v2\/media?parent=183"}],"curies":[{"name":"wp","href":"https:\/\/api.w.org\/{rel}","templated":true}]}}