{"id":546,"date":"2021-01-21T21:20:00","date_gmt":"2021-01-21T18:20:00","guid":{"rendered":"https:\/\/ecoline.md\/?page_id=546"},"modified":"2021-04-09T13:41:23","modified_gmt":"2021-04-09T10:41:23","slug":"separatory-nefteproduktov","status":"publish","type":"page","link":"https:\/\/ecoline.md\/ro\/separatory-nefteproduktov\/","title":{"rendered":"Tratarea apelor uzate a benzin\u0103riei"},"content":{"rendered":"<div class=\"wp-block-image\"><figure class=\"aligncenter size-large\"><img decoding=\"async\" width=\"652\" height=\"425\" src=\"https:\/\/ecoline.md\/wp-content\/uploads\/2021\/01\/separator-nefteproductov.png\" alt=\"-\" class=\"wp-image-643\" srcset=\"https:\/\/ecoline.md\/wp-content\/uploads\/2021\/01\/separator-nefteproductov.png 652w, https:\/\/ecoline.md\/wp-content\/uploads\/2021\/01\/separator-nefteproductov-300x196.png 300w, https:\/\/ecoline.md\/wp-content\/uploads\/2021\/01\/separator-nefteproductov-16x10.png 16w, https:\/\/ecoline.md\/wp-content\/uploads\/2021\/01\/separator-nefteproductov-416x271.png 416w, https:\/\/ecoline.md\/wp-content\/uploads\/2021\/01\/separator-nefteproductov-64x42.png 64w\" sizes=\"(max-width: 652px) 100vw, 652px\" \/><\/figure><\/div>\n\n\n\n<p>Instala\u021biile de tratare pentru benzin\u0103riile de tip monobloc se bazeaz\u0103 pe tehnologii eficiente de tratare. Permite purificarea apei la calitatea necesar\u0103 a apei.<\/p>\n\n\n\n<p>Procesul de cur\u0103\u021bare include 3 etape:<\/p>\n\n\n\n<ol class=\"wp-block-list\"><li>capcana de nisip;<\/li><li>capcan\u0103 de petrol;<\/li><li>filtru de sorb\u021bie.<\/li><\/ol>\n\n\n\n<p>Apa uzat\u0103 trece printr-o capcan\u0103 de nisip, unde, ca rezultat al decant\u0103rii gravita\u021bionale, este eliberat\u0103 de cea mai mare parte a solidelor suspendate.<\/p>\n\n\n\n<p>Mai mult, apa uzat\u0103 p\u0103trunde \u00een sifonul de ulei echipat cu elemente coalescente, func\u021bion\u00e2nd pe principiul separ\u0103rii produselor petroliere cu turnare \u00een strat sub\u021bire.<\/p>\n\n\n\n<p>Apa uzat\u0103 purificat\u0103 din cea mai mare parte a produselor petroliere este \u00een continuare purificat\u0103 p\u00e2n\u0103 la debitele de desc\u0103rcare pe un filtru de sorb\u021bie.<\/p>\n\n\n\n<p>Filtrul de absorb\u021bie este conceput pentru a elimina impurit\u0103\u021bile organice \u0219i anorganice dizolvate din apele uzate \u00een etapa final\u0103 de purificare. \u00cenc\u0103rcarea filtrului - c\u0103rbune activ.<\/p>\n\n\n\n<p>Frecven\u021ba \u00eenlocuirii \u00eenc\u0103rc\u0103rii filtrului de sorb\u021bie depinde de caracteristicile scurgerii de intrare, aproximativ - o dat\u0103 pe an.<\/p>\n\n\n\n<p>Principalul scop func\u021bional al instala\u021biilor de tratare a benzin\u0103riilor este colectarea \u0219i tratarea apei pluviale de pe situri:<\/p>\n\n\n\n<ul class=\"wp-block-list\"><li>depozite de petrol;<\/li><li>benzin\u0103rie;<\/li><li>sp\u0103l\u0103ri auto;<\/li><li>parc\u0103ri (\u00een special camioane) etc.<\/li><\/ul>\n\n\n\n<p>Solu\u021biile tehnologice utilizate \u00een produc\u021bia acestor instala\u021bii de tratare fac posibil\u0103 rezolvarea eficient\u0103 a problemei cur\u0103\u021b\u0103rii de cei mai complexi contaminan\u021bi, cum ar fi produsele petroliere apar\u021bin\u00e2nd clasei de periculoase. Apele uzate care au fost tratate de c\u0103tre unit\u0103\u021bile MASTECO GROUP pot fi deversate liber \u00een sistemul de canalizare al ora\u0219ului, \u00een corpurile de ap\u0103 sau, dac\u0103 este necesar, reutilizate pentru nevoi tehnologice.<\/p>","protected":false},"excerpt":{"rendered":"<p>\u041e\u0447\u0438\u0441\u0442\u043d\u044b\u0435 \u0441\u043e\u043e\u0440\u0443\u0436\u0435\u043d\u0438\u044f \u0434\u043b\u044f \u0410\u0417\u0421 \u043c\u043e\u043d\u043e\u0431\u043b\u043e\u0447\u043d\u043e\u0433\u043e \u0442\u0438\u043f\u0430 \u043e\u0441\u043d\u043e\u0432\u0430\u043d\u044b \u043d\u0430 \u044d\u0444\u0444\u0435\u043a\u0442\u0438\u0432\u043d\u044b\u0445 \u0442\u0435\u0445\u043d\u043e\u043b\u043e\u0433\u0438\u044f\u0445 \u043e\u0447\u0438\u0441\u0442\u043a\u0438. \u041f\u043e\u0437\u0432\u043e\u043b\u044f\u044e\u0442 \u043f\u0440\u043e\u0438\u0437\u0432\u0435\u0441\u0442\u0438 \u043e\u0447\u0438\u0441\u0442\u043a\u0443 \u0432\u043e\u0434\u044b \u0434\u043e \u0442\u0440\u0435\u0431\u0443\u0435\u043c\u043e\u0433\u043e \u043a\u0430\u0447\u0435\u0441\u0442\u0432\u0430 \u0432\u043e\u0434\u044b. \u0422\u0435\u0445\u043d\u043e\u043b\u043e\u0433\u0438\u0447\u0435\u0441\u043a\u0438\u0439 \u043f\u0440\u043e\u0446\u0435\u0441\u0441 \u043e\u0447\u0438\u0441\u0442\u043a\u0438 \u0432\u043a\u043b\u044e\u0447\u0430\u0435\u0442 3 \u0441\u0442\u0430\u0434\u0438\u0438: \u043f\u0435\u0441\u043a\u043e\u043b\u043e\u0432\u043a\u0430; \u043d\u0435\u0444\u0442\u0435\u043b\u043e\u0432\u0443\u0448\u043a\u0430; \u0441\u043e\u0440\u0431\u0446\u0438\u043e\u043d\u043d\u044b\u0439 \u0444\u0438\u043b\u044c\u0442\u0440. \u0421\u0442\u043e\u0447\u043d\u0430\u044f \u0432\u043e\u0434\u0430 \u043f\u0440\u043e\u0445\u043e\u0434\u0438\u0442 \u043f\u0435\u0441\u043a\u043e\u043b\u043e\u0432\u043a\u0443, \u0433\u0434\u0435 \u0432 \u0440\u0435\u0437\u0443\u043b\u044c\u0442\u0430\u0442\u0435 \u0433\u0440\u0430\u0432\u0438\u0442\u0430\u0446\u0438\u043e\u043d\u043d\u043e\u0433\u043e \u043e\u0442\u0441\u0442\u0430\u0438\u0432\u0430\u043d\u0438\u044f \u043e\u0441\u0432\u043e\u0431\u043e\u0436\u0434\u0430\u0435\u0442\u0441\u044f \u043e\u0442 \u043e\u0441\u043d\u043e\u0432\u043d\u043e\u0439 \u043c\u0430\u0441\u0441\u044b \u0432\u0437\u0432\u0435\u0448\u0435\u043d\u043d\u044b\u0445 \u0432\u0435\u0449\u0435\u0441\u0442\u0432. \u0414\u0430\u043b\u0435\u0435 \u0441\u0442\u043e\u0447\u043d\u0430\u044f \u0432\u043e\u0434\u0430 \u043f\u043e\u0441\u0442\u0443\u043f\u0430\u0435\u0442 \u0432 \u043d\u0435\u0444\u0442\u0435\u043b\u043e\u0432\u0443\u0448\u043a\u0443, \u043e\u0441\u043d\u0430\u0449\u0435\u043d\u043d\u0443\u044e \u043a\u043e\u0430\u043b\u0435\u0441\u0446\u0438\u0440\u0443\u044e\u0449\u0438\u043c\u0438 \u044d\u043b\u0435\u043c\u0435\u043d\u0442\u0430\u043c\u0438, \u0440\u0430\u0431\u043e\u0442\u0430\u044e\u0449\u0443\u044e \u043f\u043e [&hellip;]<\/p>\n","protected":false},"author":1,"featured_media":0,"parent":0,"menu_order":0,"comment_status":"closed","ping_status":"closed","template":"template-fullwidth.php","meta":{"_acf_changed":false,"footnotes":""},"class_list":["post-546","page","type-page","status-publish","hentry"],"acf":[],"_links":{"self":[{"href":"https:\/\/ecoline.md\/ro\/wp-json\/wp\/v2\/pages\/546","targetHints":{"allow":["GET"]}}],"collection":[{"href":"https:\/\/ecoline.md\/ro\/wp-json\/wp\/v2\/pages"}],"about":[{"href":"https:\/\/ecoline.md\/ro\/wp-json\/wp\/v2\/types\/page"}],"author":[{"embeddable":true,"href":"https:\/\/ecoline.md\/ro\/wp-json\/wp\/v2\/users\/1"}],"replies":[{"embeddable":true,"href":"https:\/\/ecoline.md\/ro\/wp-json\/wp\/v2\/comments?post=546"}],"version-history":[{"count":1,"href":"https:\/\/ecoline.md\/ro\/wp-json\/wp\/v2\/pages\/546\/revisions"}],"predecessor-version":[{"id":908,"href":"https:\/\/ecoline.md\/ro\/wp-json\/wp\/v2\/pages\/546\/revisions\/908"}],"wp:attachment":[{"href":"https:\/\/ecoline.md\/ro\/wp-json\/wp\/v2\/media?parent=546"}],"curies":[{"name":"wp","href":"https:\/\/api.w.org\/{rel}","templated":true}]}}