{"id":549,"date":"2021-01-21T21:18:46","date_gmt":"2021-01-21T18:18:46","guid":{"rendered":"https:\/\/ecoline.md\/?page_id=549"},"modified":"2021-04-09T13:34:05","modified_gmt":"2021-04-09T10:34:05","slug":"kottedzhi-chastnyj-sektor","status":"publish","type":"page","link":"https:\/\/ecoline.md\/ro\/kottedzhi-chastnyj-sektor\/","title":{"rendered":"Cabane, sector privat"},"content":{"rendered":"<div class=\"wp-block-image\"><figure class=\"aligncenter size-large\"><img decoding=\"async\" width=\"1024\" height=\"682\" src=\"https:\/\/ecoline.md\/wp-content\/uploads\/2021\/02\/kotedzhi.jpg\" alt=\"-\" class=\"wp-image-959\" srcset=\"https:\/\/ecoline.md\/wp-content\/uploads\/2021\/02\/kotedzhi.jpg 1024w, https:\/\/ecoline.md\/wp-content\/uploads\/2021\/02\/kotedzhi-300x200.jpg 300w, https:\/\/ecoline.md\/wp-content\/uploads\/2021\/02\/kotedzhi-768x512.jpg 768w, https:\/\/ecoline.md\/wp-content\/uploads\/2021\/02\/kotedzhi-16x12.jpg 16w, https:\/\/ecoline.md\/wp-content\/uploads\/2021\/02\/kotedzhi-416x277.jpg 416w, https:\/\/ecoline.md\/wp-content\/uploads\/2021\/02\/kotedzhi-64x43.jpg 64w\" sizes=\"(max-width: 1024px) 100vw, 1024px\" \/><\/figure><\/div>\n\n\n\n<p><strong>Avantajele unui sistem de canalizare autonom<\/strong><\/p>\n\n\n\n<p>Facilit\u0103\u021bile de tratare care func\u021bioneaz\u0103 pe principiul epur\u0103rii biologice a apelor uzate biologice sunt utilizate la diverse facilit\u0103\u021bi: de la case mici la pensiuni \u0219i mini-hoteluri. Avantajele acestui tip de sistem de canalizare autonom:<\/p>\n\n\n\n<p>- grad de purificare p\u00e2n\u0103 la 98 %;<\/p>\n\n\n\n<p>- f\u0103r\u0103 costuri pentru \u00eentre\u021binerea continu\u0103;<\/p>\n\n\n\n<p>- men\u021binerea etan\u0219eit\u0103\u021bii timp de c\u00e2teva decenii;<\/p>\n\n\n\n<p>- lipsa mirosului;<\/p>\n\n\n\n<p>- instalare rapida in orice sol;<\/p>\n\n\n\n<p>- starea sanitar\u0103 excelent\u0103 a amplasamentului.<\/p>\n\n\n\n<p><strong>Avantajele sistemului de canalizare de la compania TOPOL-ECO<\/strong><\/p>\n\n\n\n<p>Fiabilitate ridicat\u0103. Instala\u021biile de canalizare pentru case de \u021bar\u0103 de la TOPOL-ECO func\u021bioneaz\u0103 stabil p\u00e2n\u0103 la 50 de ani. Diferite modele sunt capabile s\u0103 serveasc\u0103 de la 1 la 200 de persoane.<\/p>\n\n\n\n<p>Capacitatea de a reutiliza apa tratat\u0103. La ie\u0219irea din instala\u021bie, este posibil\u0103 organizarea unui rezervor de stocare \u0219i utilizarea apelor uzate tratate pentru udarea peluzelor, c\u0103ilor de sp\u0103lare \u0219i a altor nevoi casnice. Asigurarea calit\u0103\u021bii. Sta\u021biile de tratare sunt fabricate \u00een conformitate cu standardele guvernamentale aplicabile. Compozi\u021bia \u0219i propriet\u0103\u021bile apei de evacuare \u00eendeplinesc standardele. Costul accesibil al instala\u021biilor de la \u201eTOPOL-ECO\u201d \u0219i eficien\u021ba ridicat\u0103 le deosebesc favorabil de echipamentele firmelor concurente.<\/p>\n\n\n\n<p><strong>C\u00e2t cost\u0103 un sistem de canalizare autonom?<\/strong><\/p>\n\n\n\n<p>Costul instala\u021biilor de tratament depinde de doi factori:<\/p>\n\n\n\n<p>- productivitate. O instala\u021bie de tratare biologic\u0103 pentru dou\u0103 persoane va costa mai pu\u021bin dec\u00e2t pentru 10 sau mai mul\u021bi utilizatori. \u00cenainte de a cump\u0103ra, analiza\u021bi ce performan\u021b\u0103 va fi optim\u0103 pentru familia dvs., merit\u0103 s\u0103 oferi\u021bi o mic\u0103 marj\u0103 \u00een cazul \u00een care sosesc oaspe\u021bii;<\/p>\n\n\n\n<p>- echipamente. Instalarea echipamentului suplimentar cre\u0219te costul instal\u0103rii, dar face operarea sa mai confortabil\u0103. De exemplu, pentru zonele \u00een care este dificil\u0103 organizarea unei pante pentru drenajul gravita\u021bional al canalelor de scurgere, v\u0103 recomand\u0103m s\u0103 alege\u021bi un set complet cu pomp\u0103. Pentru drenarea for\u021bat\u0103 a apei curate.<\/p>\n\n\n\n<p><\/p>","protected":false},"excerpt":{"rendered":"<p>\u041f\u0440\u0435\u0438\u043c\u0443\u0449\u0435\u0441\u0442\u0432\u0430 \u0430\u0432\u0442\u043e\u043d\u043e\u043c\u043d\u043e\u0439 \u043a\u0430\u043d\u0430\u043b\u0438\u0437\u0430\u0446\u0438\u0438 \u041e\u0447\u0438\u0441\u0442\u043d\u044b\u0435 \u0441\u043e\u043e\u0440\u0443\u0436\u0435\u043d\u0438\u044f, \u0440\u0430\u0431\u043e\u0442\u0430\u044e\u0449\u0438\u0435 \u043f\u043e \u043f\u0440\u0438\u043d\u0446\u0438\u043f\u0443 \u0433\u043b\u0443\u0431\u043e\u043a\u043e\u0439 \u0431\u0438\u043e\u043b\u043e\u0433\u0438\u0447\u0435\u0441\u043a\u043e\u0439 \u043f\u0435\u0440\u0435\u0440\u0430\u0431\u043e\u0442\u043a\u0438 \u0441\u0442\u043e\u0447\u043d\u044b\u0445 \u0432\u043e\u0434, \u0438\u0441\u043f\u043e\u043b\u044c\u0437\u0443\u044e\u0442\u0441\u044f \u043d\u0430 \u0440\u0430\u0437\u043b\u0438\u0447\u043d\u044b\u0445 \u043e\u0431\u044a\u0435\u043a\u0442\u0430\u0445: \u043e\u0442 \u043d\u0435\u0431\u043e\u043b\u044c\u0448\u0438\u0445 \u0434\u043e\u043c\u043e\u0432 \u0434\u043e \u043f\u0430\u043d\u0441\u0438\u043e\u043d\u0430\u0442\u043e\u0432 \u0438 \u043c\u0438\u043d\u0438-\u0433\u043e\u0441\u0442\u0438\u043d\u0438\u0446. \u041f\u0440\u0435\u0438\u043c\u0443\u0449\u0435\u0441\u0442\u0432\u0430 \u0430\u0432\u0442\u043e\u043d\u043e\u043c\u043d\u043e\u0439 \u043a\u0430\u043d\u0430\u043b\u0438\u0437\u0430\u0446\u0438\u0438 \u0442\u0430\u043a\u043e\u0433\u043e \u0442\u0438\u043f\u0430: &#8212; \u0441\u0442\u0435\u043f\u0435\u043d\u044c \u043e\u0447\u0438\u0441\u0442\u043a\u0438 \u0434\u043e 98 %; &#8212; \u043e\u0442\u0441\u0443\u0442\u0441\u0442\u0432\u0438\u0435 \u0437\u0430\u0442\u0440\u0430\u0442 \u043d\u0430 \u0442\u0435\u043a\u0443\u0449\u0435\u0435 \u043e\u0431\u0441\u043b\u0443\u0436\u0438\u0432\u0430\u043d\u0438\u0435; &#8212; \u0441\u043e\u0445\u0440\u0430\u043d\u0435\u043d\u0438\u0435 \u0433\u0435\u0440\u043c\u0435\u0442\u0438\u0447\u043d\u043e\u0441\u0442\u0438 \u043d\u0430 \u043f\u0440\u043e\u0442\u044f\u0436\u0435\u043d\u0438\u0438 \u043d\u0435\u0441\u043a\u043e\u043b\u044c\u043a\u0438\u0445 \u0434\u0435\u0441\u044f\u0442\u043a\u043e\u0432 \u043b\u0435\u0442; &#8212; \u043e\u0442\u0441\u0443\u0442\u0441\u0442\u0432\u0438\u0435 \u0437\u0430\u043f\u0430\u0445\u0430; &#8212; \u0431\u044b\u0441\u0442\u0440\u044b\u0439 \u043c\u043e\u043d\u0442\u0430\u0436 [&hellip;]<\/p>\n","protected":false},"author":1,"featured_media":0,"parent":0,"menu_order":0,"comment_status":"closed","ping_status":"closed","template":"template-fullwidth.php","meta":{"_acf_changed":false,"footnotes":""},"class_list":["post-549","page","type-page","status-publish","hentry"],"acf":[],"_links":{"self":[{"href":"https:\/\/ecoline.md\/ro\/wp-json\/wp\/v2\/pages\/549","targetHints":{"allow":["GET"]}}],"collection":[{"href":"https:\/\/ecoline.md\/ro\/wp-json\/wp\/v2\/pages"}],"about":[{"href":"https:\/\/ecoline.md\/ro\/wp-json\/wp\/v2\/types\/page"}],"author":[{"embeddable":true,"href":"https:\/\/ecoline.md\/ro\/wp-json\/wp\/v2\/users\/1"}],"replies":[{"embeddable":true,"href":"https:\/\/ecoline.md\/ro\/wp-json\/wp\/v2\/comments?post=549"}],"version-history":[{"count":1,"href":"https:\/\/ecoline.md\/ro\/wp-json\/wp\/v2\/pages\/549\/revisions"}],"predecessor-version":[{"id":960,"href":"https:\/\/ecoline.md\/ro\/wp-json\/wp\/v2\/pages\/549\/revisions\/960"}],"wp:attachment":[{"href":"https:\/\/ecoline.md\/ro\/wp-json\/wp\/v2\/media?parent=549"}],"curies":[{"name":"wp","href":"https:\/\/api.w.org\/{rel}","templated":true}]}}