{"id":1199,"date":"2022-04-27T15:11:36","date_gmt":"2022-04-27T12:11:36","guid":{"rendered":"https:\/\/ecoline.md\/?post_type=product&#038;p=1199"},"modified":"2022-04-27T15:32:56","modified_gmt":"2022-04-27T12:32:56","slug":"biopreparat-ekokompost-250-g","status":"publish","type":"product","link":"https:\/\/ecoline.md\/ro\/product\/biopreparat-ekokompost-250-g\/","title":{"rendered":"Produs biologic EKOKOMPOST, 250 \u0433"},"content":{"rendered":"<p>Bacteriile de compostare sunt concepute pentru a accelera descompunerea rezidurilor organice. \nBacteriile crescute \u00een condi\u021bii de laborator sunt uscate folosind tehnologii speciale \u0219i amestecate cu \nminerale hr\u0103nitoare pentru microorganisme. Sub aceast\u0103 form\u0103, aceste bacterii pot fi p\u0103strate \u00een stare de \n\u201eadormit\u201d pentru o perioad\u0103 lung\u0103 de timp, a\u0219tept\u00e2nd ca misiunea lor s\u0103 fie \u00eendeplinit\u0103.<\/p>\n<p>Ca urmare a activit\u0103\u021bii bacteriilor pentru compost, pute\u021bi ob\u021bine un \u00eengr\u0103\u0219\u0103m\u00e2nt organic de foarte \u00eenalt\u0103 \ncalitate pentru orice tip de sol \u0219i pentru orice plant\u0103. Folosind un biopreparat de compost, vei ob\u021bine o \ncre\u0219tere a randamentului pe \u0219antierul t\u0103u \u0219i vei refuza \u00eengr\u0103\u0219\u0103mintele chimice, ceea ce, la r\u00e2ndul s\u0103u, va \nduce la o \u00eembun\u0103t\u0103\u021bire a situa\u021biei ecologice. Plantele crescute pe compost vor fi mai rezistente la boli \u0219i \nd\u0103un\u0103tori, sau la schimb\u0103rile de temperatur\u0103 \u0219i umiditate.<\/p>\n<p>Produsul \u00eengr\u0103\u0219\u0103m\u00e2nt microbian destinat compost\u0103rii de\u0219eurilor organice.<\/p>\n<p>Ecocompost\u2122 con\u021bine tulpini naturale de bacterii selectate dintre cele mai bune composturi \u0219i \n\u00eengr\u0103\u0219\u0103minte pentru a sus\u021bine \u0219i promova cre\u0219terea plantelor.<\/p>\n<p>Preparatul este foarte eficient. Stratul de materie organic\u0103 se descompune \u00een substan\u021be din ce \u00een ce mai simple, care \u00een cele din urm\u0103 se transform\u0103 \u00een compost valoros.<\/p>\n<p>Viteza de formare a compostului depinde de temperatura mediului ambiant (nu poate fi mai mic\u0103 de 5-6 \u00b0C), de ventila\u021bie \u0219i umiditate adecvat\u0103 (pulverizarea gr\u0103mezii). \u00cen aceste condi\u021bii, procesul de compostare poate dura de la 1 p\u00e2n\u0103 la 3 s\u0103pt\u0103m\u00e2ni.<\/p>\n<p>Medicamentul este ambalat \u00een 250 gr.<\/p>\n<p>Aceast\u0103 cantitate este suficient\u0103 pentru a composta p\u00e2n\u0103 la 3 m3 de materie organic\u0103.<\/p>","protected":false},"excerpt":{"rendered":"<h2><strong>10EUR<\/strong><\/h2>\n<p>Produs biologic pentru \ncompostare, bacterii pentru compostare.<\/p>\n<p>Scop: Reduce volumul prin transformarea solidelor \u00een dioxid de carbon \u0219i ap\u0103.<\/p>","protected":false},"featured_media":1205,"comment_status":"open","ping_status":"closed","template":"","meta":{"_acf_changed":false},"product_brand":[],"product_cat":[323],"product_tag":[],"class_list":{"0":"post-1199","1":"product","2":"type-product","3":"status-publish","4":"has-post-thumbnail","6":"product_cat-bakterii-dlya-septikov","8":"first","9":"instock","10":"shipping-taxable","11":"product-type-simple"},"acf":[],"_links":{"self":[{"href":"https:\/\/ecoline.md\/ro\/wp-json\/wp\/v2\/product\/1199","targetHints":{"allow":["GET"]}}],"collection":[{"href":"https:\/\/ecoline.md\/ro\/wp-json\/wp\/v2\/product"}],"about":[{"href":"https:\/\/ecoline.md\/ro\/wp-json\/wp\/v2\/types\/product"}],"replies":[{"embeddable":true,"href":"https:\/\/ecoline.md\/ro\/wp-json\/wp\/v2\/comments?post=1199"}],"wp:featuredmedia":[{"embeddable":true,"href":"https:\/\/ecoline.md\/ro\/wp-json\/wp\/v2\/media\/1205"}],"wp:attachment":[{"href":"https:\/\/ecoline.md\/ro\/wp-json\/wp\/v2\/media?parent=1199"}],"wp:term":[{"taxonomy":"product_brand","embeddable":true,"href":"https:\/\/ecoline.md\/ro\/wp-json\/wp\/v2\/product_brand?post=1199"},{"taxonomy":"product_cat","embeddable":true,"href":"https:\/\/ecoline.md\/ro\/wp-json\/wp\/v2\/product_cat?post=1199"},{"taxonomy":"product_tag","embeddable":true,"href":"https:\/\/ecoline.md\/ro\/wp-json\/wp\/v2\/product_tag?post=1199"}],"curies":[{"name":"wp","href":"https:\/\/api.w.org\/{rel}","templated":true}]}}