{"id":201,"date":"2021-01-20T11:20:52","date_gmt":"2021-01-20T08:20:52","guid":{"rendered":"https:\/\/ecoline.md\/?post_type=product&#038;p=201"},"modified":"2021-06-16T21:26:41","modified_gmt":"2021-06-16T18:26:41","slug":"toplos-4","status":"publish","type":"product","link":"https:\/\/ecoline.md\/ro\/product\/toplos-4\/","title":{"rendered":"TOPLOS 4"},"content":{"rendered":"<p>Pentru a v\u0103 putea bucura pe deplin de via\u021ba \u00eentr-o cas\u0103 de \u021bar\u0103, trebuie s\u0103 crea\u021bi condi\u021bii confortabile acolo. Una dintre etapele importante pentru aceasta este organizarea unui sistem de canalizare autonom. TOPAS este cea mai bun\u0103 alegere pentru cei care \u00ee\u0219i pre\u021buiesc timpul, respect\u0103 mediul \u0219i iubesc confortul \u00een toate.<\/p>\n<p>Dac\u0103 de la 1 la 4 persoane locuiesc \u00een casa dvs. la \u021bar\u0103, caban\u0103 sau caban\u0103, \u0219i o cabin\u0103 de du\u0219, un vas de toalet\u0103 \u0219i dou\u0103 chiuvete sunt instalate de la instala\u021bii sanitare, atunci instala\u021bia TOPAS 4 v\u0103 va potrivi. Acesta este un sistem de canalizare autonom conceput pentru utilizare pe tot parcursul anului sau sezonier\u0103. Aportul maxim unic de ap\u0103 uzat\u0103, adic\u0103 volumul de ap\u0103 pe care TOPAS 4 \u00eel poate primi \u00eentr-o perioad\u0103 scurt\u0103 de timp, este de 175 litri. Gradul de tratare a apelor uzate este 98%.<\/p>\n<p>TOPAS 4 este o instala\u021bie de aerare pentru tratarea apelor uzate \u00een absen\u021ba unui sistem central de canalizare. Mecanismul de ac\u021biune al instala\u021biei se bazeaz\u0103 pe metoda de tratament biologic profund. Apa rezultat\u0103 poate fi utilizat\u0103 pentru udarea gazonului sau a copacilor. N\u0103molul de de\u0219euri este \u00eendep\u0103rtat din sta\u021bie o dat\u0103 la 3-4 luni folosind o pomp\u0103, plasat \u00eentr-o groap\u0103 de compost \u0219i, dup\u0103 compostare, este folosit ca \u00eengr\u0103\u0219\u0103m\u00e2nt.<\/p>\n<p>TOPAS 4 este fabricat din polipropilen\u0103. Acest material este foarte puternic \u0219i durabil, nu se corodeaz\u0103 \u0219i nu se deformeaz\u0103. Unitatea TOPAS 4 poate fi instalat\u0103 la orice nivel al apei subterane \u0219i la orice tip de sol. C\u00e2nd opera\u021bi unitatea, nu este necesar s\u0103 apela\u021bi un camion de canalizare, s\u0103 cump\u0103ra\u021bi culturi de microorganisme etc.<\/p>\n<p>Prin achizi\u021bionarea TOPAS 4, pute\u021bi rezolva problema epur\u0103rii apelor uzate timp de mul\u021bi ani!<\/p>","protected":false},"excerpt":{"rendered":"<h2><strong>\u043e\u0442 1800 EUR\u00a0<\/strong><\/h2>\n<p>Dac\u0103 \u00een casa dvs. de la \u021bar\u0103, \u00eentr-o caban\u0103 sau la \u021bar\u0103 locuiesc de la 1 la 4 persoane \u0219i o cabin\u0103 de du\u0219, un vas de toalet\u0103 \u0219i dou\u0103 chiuvete sunt instalate din instala\u021bii sanitare, atunci instala\u021bia TOPAS 4 v\u0103 va potrivi.<\/p>","protected":false},"featured_media":376,"comment_status":"open","ping_status":"closed","template":"","meta":{"_acf_changed":false},"product_brand":[],"product_cat":[23],"product_tag":[],"class_list":{"0":"post-201","1":"product","2":"type-product","3":"status-publish","4":"has-post-thumbnail","6":"product_cat-toplos","8":"first","9":"instock","10":"shipping-taxable","11":"product-type-simple"},"acf":[],"_links":{"self":[{"href":"https:\/\/ecoline.md\/ro\/wp-json\/wp\/v2\/product\/201","targetHints":{"allow":["GET"]}}],"collection":[{"href":"https:\/\/ecoline.md\/ro\/wp-json\/wp\/v2\/product"}],"about":[{"href":"https:\/\/ecoline.md\/ro\/wp-json\/wp\/v2\/types\/product"}],"replies":[{"embeddable":true,"href":"https:\/\/ecoline.md\/ro\/wp-json\/wp\/v2\/comments?post=201"}],"wp:featuredmedia":[{"embeddable":true,"href":"https:\/\/ecoline.md\/ro\/wp-json\/wp\/v2\/media\/376"}],"wp:attachment":[{"href":"https:\/\/ecoline.md\/ro\/wp-json\/wp\/v2\/media?parent=201"}],"wp:term":[{"taxonomy":"product_brand","embeddable":true,"href":"https:\/\/ecoline.md\/ro\/wp-json\/wp\/v2\/product_brand?post=201"},{"taxonomy":"product_cat","embeddable":true,"href":"https:\/\/ecoline.md\/ro\/wp-json\/wp\/v2\/product_cat?post=201"},{"taxonomy":"product_tag","embeddable":true,"href":"https:\/\/ecoline.md\/ro\/wp-json\/wp\/v2\/product_tag?post=201"}],"curies":[{"name":"wp","href":"https:\/\/api.w.org\/{rel}","templated":true}]}}