{"id":396,"date":"2021-01-20T11:10:39","date_gmt":"2021-01-20T08:10:39","guid":{"rendered":"https:\/\/ecoline.md\/?post_type=product&#038;p=396"},"modified":"2021-06-16T21:32:21","modified_gmt":"2021-06-16T18:32:21","slug":"toplos-9","status":"publish","type":"product","link":"https:\/\/ecoline.md\/ro\/product\/toplos-9\/","title":{"rendered":"TOPLOS 9"},"content":{"rendered":"<p>Grupul de companii TOPOL-ECO produce \u0219i comercializeaz\u0103 instala\u021bii pentru sisteme de canalizare \u00eentr-o cas\u0103 de \u021bar\u0103. Echipamentul asigur\u0103 calitatea epur\u0103rii apelor uzate menajere p\u00e2n\u0103 la 98 % \u00een conformitate cu standardele stabilite de SanPiN. Dimensiunile compacte ale TOPAS faciliteaz\u0103 amplasarea echipamentului chiar \u0219i \u00eentr-o zon\u0103 mic\u0103. Corpul unui sistem de canalizare autonom se caracterizeaz\u0103 prin rezisten\u021b\u0103 \u0219i etan\u0219eitate sporite, care evit\u0103 formarea mirosurilor nepl\u0103cute. \u00cen plus, unitatea TOPAS-9 este absolut sigur\u0103 pentru oameni \u0219i mediu. Apa purificat\u0103 este incolor\u0103 \u0219i inodor\u0103; poate fi utilizat\u0103 pentru irigarea culturilor care nu sunt fructe \u0219i pentru diverse nevoi tehnice. Sistemele de canalizare sunt fiabile \u00een utilizare \u0219i au o durat\u0103 lung\u0103 de via\u021b\u0103.<\/p>\n<h3>Canalizarea autonom\u0103 \u201eTOPAS\u201d este:<\/h3>\n<ul>\n<li>Tratarea apelor uzate de \u00eenalt\u0103 calitate (p\u00e2n\u0103 la 98%);<\/li>\n<li>Corp compact u\u0219or \u0219i durabil, realizat din polipropilen\u0103 de \u00eenalt\u0103 calitate \u0219i echipat cu rigidizatoare;<\/li>\n<li>Instalare simpl\u0103 \u00eentr-un timp scurt, posibilitatea instal\u0103rii \u00een orice moment al anului, \u00een orice tip de sol, chiar \u0219i cu un nivel ridicat de ap\u0103 freatic\u0103;<\/li>\n<li>Siguran\u021b\u0103 complet\u0103 a mediului, f\u0103r\u0103 miros nepl\u0103cut;<\/li>\n<li>U\u0219urin\u021ba de \u00eentre\u021binere: nu este nevoie s\u0103 apela\u021bi un camion de canalizare, s\u0103 cump\u0103ra\u021bi culturi de microorganisme etc .;<\/li>\n<li>Ie\u0219ire - ap\u0103 industrial\u0103 curat\u0103 \u0219i n\u0103mol stabilizat;<\/li>\n<li>Fiabilitate \u0219i durabilitate, durata de via\u021b\u0103 este mai mare de 50 de ani.<\/li>\n<\/ul>\n<p>Instala\u021bii \u201eTOPAS\u201d - aceasta este decizia corect\u0103 atunci c\u00e2nd se amenajeaz\u0103 canalizarea unei case de \u021bar\u0103.<\/p>","protected":false},"excerpt":{"rendered":"<h2><strong>\u043e\u0442 3200 EUR<\/strong><\/h2>\n<p>Grupul de companii TOPOL-ECO produce \u0219i comercializeaz\u0103 instala\u021bii pentru sisteme de canalizare \u00eentr-o cas\u0103 de \u021bar\u0103. Echipamentul asigur\u0103 calitatea epur\u0103rii apelor uzate menajere p\u00e2n\u0103 la 98 % \u00een conformitate cu standardele stabilite de SanPiN.<\/p>","protected":false},"featured_media":403,"comment_status":"open","ping_status":"closed","template":"","meta":{"_acf_changed":false},"product_brand":[],"product_cat":[23],"product_tag":[],"class_list":{"0":"post-396","1":"product","2":"type-product","3":"status-publish","4":"has-post-thumbnail","6":"product_cat-toplos","8":"first","9":"instock","10":"shipping-taxable","11":"product-type-simple"},"acf":[],"_links":{"self":[{"href":"https:\/\/ecoline.md\/ro\/wp-json\/wp\/v2\/product\/396","targetHints":{"allow":["GET"]}}],"collection":[{"href":"https:\/\/ecoline.md\/ro\/wp-json\/wp\/v2\/product"}],"about":[{"href":"https:\/\/ecoline.md\/ro\/wp-json\/wp\/v2\/types\/product"}],"replies":[{"embeddable":true,"href":"https:\/\/ecoline.md\/ro\/wp-json\/wp\/v2\/comments?post=396"}],"wp:featuredmedia":[{"embeddable":true,"href":"https:\/\/ecoline.md\/ro\/wp-json\/wp\/v2\/media\/403"}],"wp:attachment":[{"href":"https:\/\/ecoline.md\/ro\/wp-json\/wp\/v2\/media?parent=396"}],"wp:term":[{"taxonomy":"product_brand","embeddable":true,"href":"https:\/\/ecoline.md\/ro\/wp-json\/wp\/v2\/product_brand?post=396"},{"taxonomy":"product_cat","embeddable":true,"href":"https:\/\/ecoline.md\/ro\/wp-json\/wp\/v2\/product_cat?post=396"},{"taxonomy":"product_tag","embeddable":true,"href":"https:\/\/ecoline.md\/ro\/wp-json\/wp\/v2\/product_tag?post=396"}],"curies":[{"name":"wp","href":"https:\/\/api.w.org\/{rel}","templated":true}]}}