{"id":420,"date":"2021-01-20T11:07:54","date_gmt":"2021-01-20T08:07:54","guid":{"rendered":"https:\/\/ecoline.md\/?post_type=product&#038;p=420"},"modified":"2021-06-16T21:40:13","modified_gmt":"2021-06-16T18:40:13","slug":"toplos-15","status":"publish","type":"product","link":"https:\/\/ecoline.md\/ro\/product\/toplos-15\/","title":{"rendered":"TOPLOS 15"},"content":{"rendered":"<p>Instala\u021bia de sine st\u0103t\u0103toare \u201eTOPAS-15\u201d, destinat\u0103 \u00een principal utiliz\u0103rii \u00een gospod\u0103riile suburbane, este capabil\u0103 s\u0103 suplineasc\u0103 lipsa unui sistem de canalizare centralizat sau s\u0103 \u00eenlocuiasc\u0103 complet acest sistem.<\/p>\n<h3>Principiul de func\u021bionare<\/h3>\n<p>Eliminarea de\u0219eurilor se efectueaz\u0103 \u00een mod biologic datorit\u0103 activit\u0103\u021bii microorganismelor aerobe, care proceseaz\u0103 activ poluan\u021bii organici \u00een timpul satura\u021biei for\u021bate a apei cu oxigen (aerare).<\/p>\n<p>Gradul de purificare a apei ajunge la 98 %, care \u00eendepline\u0219te pe deplin cerin\u021bele SanPiN-urilor relevante. Produsele finale de prelucrare sunt n\u0103moluri stabilizate \u0219i ap\u0103 curat\u0103 curat\u0103, care pot fi utilizate \u00een orice scop tehnic, inclusiv udarea gazonului.<\/p>\n<p>Colectarea apelor uzate \u00een TOPAS-15 se realizeaz\u0103 prin gravita\u021bie prin conducte. Unitatea nu emite mirosuri nepl\u0103cute \u0219i nu produce zgomot.<\/p>\n<h3>Beneficii<\/h3>\n<p>\u201eTOPAS-15\u201d are:<\/p>\n<ul>\n<li>tratarea apelor uzate de \u00eenalt\u0103 calitate;<\/li>\n<li>corp durabil \u0219i u\u0219or din polipropilen\u0103 de \u00eenalt\u0103 calitate, cu o durat\u0103 de via\u021b\u0103 de cel pu\u021bin 50 de ani;<\/li>\n<li>instalare rapid\u0103 \u0219i u\u0219oar\u0103 \u00een orice tip de sol la orice nivel al apei subterane;<\/li>\n<li>siguran\u021b\u0103 absolut\u0103 a mediului;<\/li>\n<li>lipsa mirosurilor nepl\u0103cute;<\/li>\n<li>u\u0219urin\u021ba \u0219i simplitatea \u00eentre\u021binerii;<\/li>\n<li>nu este nevoie s\u0103 dob\u00e2ndi\u021bi culturi speciale de microorganisme \u0219i s\u0103 recurge\u021bi la ajutorul ma\u0219inilor de canalizare.<\/li>\n<\/ul>","protected":false},"excerpt":{"rendered":"<h2><strong>\u043e\u0442 4600 EUR<\/strong><\/h2>\n<p>Instala\u021bia de sine st\u0103t\u0103toare \u201eTOPAS-15\u201d, destinat\u0103 \u00een principal utiliz\u0103rii \u00een gospod\u0103riile suburbane, este capabil\u0103 s\u0103 suplineasc\u0103 lipsa unui sistem de canalizare centralizat sau s\u0103 \u00eenlocuiasc\u0103 complet acest sistem.<\/p>","protected":false},"featured_media":423,"comment_status":"open","ping_status":"closed","template":"","meta":{"_acf_changed":false},"product_brand":[],"product_cat":[23],"product_tag":[],"class_list":{"0":"post-420","1":"product","2":"type-product","3":"status-publish","4":"has-post-thumbnail","6":"product_cat-toplos","8":"first","9":"instock","10":"shipping-taxable","11":"product-type-simple"},"acf":[],"_links":{"self":[{"href":"https:\/\/ecoline.md\/ro\/wp-json\/wp\/v2\/product\/420","targetHints":{"allow":["GET"]}}],"collection":[{"href":"https:\/\/ecoline.md\/ro\/wp-json\/wp\/v2\/product"}],"about":[{"href":"https:\/\/ecoline.md\/ro\/wp-json\/wp\/v2\/types\/product"}],"replies":[{"embeddable":true,"href":"https:\/\/ecoline.md\/ro\/wp-json\/wp\/v2\/comments?post=420"}],"wp:featuredmedia":[{"embeddable":true,"href":"https:\/\/ecoline.md\/ro\/wp-json\/wp\/v2\/media\/423"}],"wp:attachment":[{"href":"https:\/\/ecoline.md\/ro\/wp-json\/wp\/v2\/media?parent=420"}],"wp:term":[{"taxonomy":"product_brand","embeddable":true,"href":"https:\/\/ecoline.md\/ro\/wp-json\/wp\/v2\/product_brand?post=420"},{"taxonomy":"product_cat","embeddable":true,"href":"https:\/\/ecoline.md\/ro\/wp-json\/wp\/v2\/product_cat?post=420"},{"taxonomy":"product_tag","embeddable":true,"href":"https:\/\/ecoline.md\/ro\/wp-json\/wp\/v2\/product_tag?post=420"}],"curies":[{"name":"wp","href":"https:\/\/api.w.org\/{rel}","templated":true}]}}