{"id":429,"date":"2021-01-20T11:05:58","date_gmt":"2021-01-20T08:05:58","guid":{"rendered":"https:\/\/ecoline.md\/?post_type=product&#038;p=429"},"modified":"2021-06-16T21:43:08","modified_gmt":"2021-06-16T18:43:08","slug":"toplos-30","status":"publish","type":"product","link":"https:\/\/ecoline.md\/ro\/product\/toplos-30\/","title":{"rendered":"TOPLOS 30"},"content":{"rendered":"<p>Una dintre cele mai importante condi\u021bii pentru o via\u021b\u0103 confortabil\u0103 \u00een afara ora\u0219ului este disponibilitatea canaliz\u0103rii. V\u0103 aducem la cuno\u0219tin\u021b\u0103 o sta\u021bie de tratare eficient\u0103 \u201eTOPAS-30\u201d. Un astfel de sistem poate deveni solu\u021bia optim\u0103 atunci c\u00e2nd sistemul central de canalizare este inaccesibil. Asigur\u0103 p\u00e2n\u0103 la 98 de epurare % a apelor uzate din poluarea care \u00eendepline\u0219te standardele sanitare moderne. Instalarea acestui model este extrem de simpl\u0103 \u0219i admisibil\u0103 pe toate solurile. Perioada opera\u021bional\u0103 dep\u0103\u0219e\u0219te 50 de ani. Planta folose\u0219te o metod\u0103 de bioremediere extrem de eficient\u0103 - apa ob\u021binut\u0103 la ie\u0219ire este complet sigur\u0103 at\u00e2t pentru mediu, c\u00e2t \u0219i pentru oameni. \u00centre\u021binerea sistemului este c\u00e2t se poate de simpl\u0103. Const\u0103 \u00een pomparea n\u0103molului stabilizat \u0219i inspec\u021bii preventive, care se efectueaz\u0103 de mai multe ori pe an.<\/p>\n<h3>Avantajele de baz\u0103<\/h3>\n<ul>\n<li>Absen\u021ba unui miros nepl\u0103cut caracteristic pe site.<\/li>\n<li>Ie\u0219irea este n\u0103mol stabilizat \u0219i ap\u0103 pur\u0103 tehnic\u0103.<\/li>\n<li>Siguran\u021ba complet\u0103 a mediului a sistemului.<\/li>\n<li>Durabilitate \u0219i fiabilitate, durat\u0103 de via\u021b\u0103 de peste 50 de ani.<\/li>\n<li>Procent ridicat (p\u00e2n\u0103 la 98 %) de tratare a apelor uzate.<\/li>\n<li>Corp u\u0219or, compact, durabil, realizat din polipropilen\u0103 de \u00eenalt\u0103 calitate \u0219i \u00eent\u0103rit cu rigidiz\u0103ri.<\/li>\n<li>Instalare rapid\u0103, u\u0219oar\u0103, posibil\u0103 pe tot parcursul anului, pe toate tipurile de sol, indiferent de p\u00e2nza freatic\u0103.<\/li>\n<li>U\u0219or de \u00eentre\u021binut: nu este nevoie s\u0103 achizi\u021biona\u021bi culturi de microorganisme, s\u0103 apela\u021bi un camion de canalizare etc.<\/li>\n<\/ul>","protected":false},"excerpt":{"rendered":"<h2><strong>\u043e\u0442 7200 EUR<\/strong><\/h2>\n<p>Una dintre cele mai importante condi\u021bii pentru o via\u021b\u0103 confortabil\u0103 \u00een afara ora\u0219ului este disponibilitatea canaliz\u0103rii. V\u0103 aducem la cuno\u0219tin\u021b\u0103 o sta\u021bie de tratare eficient\u0103 \u201eTOPAS-30\u201d. Un astfel de sistem poate deveni solu\u021bia optim\u0103 atunci c\u00e2nd sistemul central de canalizare este inaccesibil.<\/p>","protected":false},"featured_media":430,"comment_status":"open","ping_status":"closed","template":"","meta":{"_acf_changed":false},"product_brand":[],"product_cat":[23],"product_tag":[],"class_list":{"0":"post-429","1":"product","2":"type-product","3":"status-publish","4":"has-post-thumbnail","6":"product_cat-toplos","8":"first","9":"instock","10":"shipping-taxable","11":"product-type-simple"},"acf":[],"_links":{"self":[{"href":"https:\/\/ecoline.md\/ro\/wp-json\/wp\/v2\/product\/429","targetHints":{"allow":["GET"]}}],"collection":[{"href":"https:\/\/ecoline.md\/ro\/wp-json\/wp\/v2\/product"}],"about":[{"href":"https:\/\/ecoline.md\/ro\/wp-json\/wp\/v2\/types\/product"}],"replies":[{"embeddable":true,"href":"https:\/\/ecoline.md\/ro\/wp-json\/wp\/v2\/comments?post=429"}],"wp:featuredmedia":[{"embeddable":true,"href":"https:\/\/ecoline.md\/ro\/wp-json\/wp\/v2\/media\/430"}],"wp:attachment":[{"href":"https:\/\/ecoline.md\/ro\/wp-json\/wp\/v2\/media?parent=429"}],"wp:term":[{"taxonomy":"product_brand","embeddable":true,"href":"https:\/\/ecoline.md\/ro\/wp-json\/wp\/v2\/product_brand?post=429"},{"taxonomy":"product_cat","embeddable":true,"href":"https:\/\/ecoline.md\/ro\/wp-json\/wp\/v2\/product_cat?post=429"},{"taxonomy":"product_tag","embeddable":true,"href":"https:\/\/ecoline.md\/ro\/wp-json\/wp\/v2\/product_tag?post=429"}],"curies":[{"name":"wp","href":"https:\/\/api.w.org\/{rel}","templated":true}]}}