{"id":440,"date":"2021-01-20T11:03:59","date_gmt":"2021-01-20T08:03:59","guid":{"rendered":"https:\/\/ecoline.md\/?post_type=product&#038;p=440"},"modified":"2021-06-16T21:51:50","modified_gmt":"2021-06-16T18:51:50","slug":"toplos-50","status":"publish","type":"product","link":"https:\/\/ecoline.md\/ro\/product\/toplos-50\/","title":{"rendered":"TOPLOS 50"},"content":{"rendered":"<p>Canalizarea autonom\u0103 \u201eTOPAS-50\u201d a fost creat\u0103 pentru a v\u0103 oferi o distrac\u021bie confortabil\u0103 \u0219i pl\u0103cut\u0103 \u00eentr-o cas\u0103 de \u021bar\u0103. Aceast\u0103 unitate, oferit\u0103 de compania TOPOL-ECO, este proiectat\u0103 pentru tratarea apei poluate menajere acolo unde nu exist\u0103 un sistem central de comunica\u021bii. Canalizarea autonom\u0103 \u201eTOPAS-50\u201d poate fi utilizat\u0103 at\u00e2t pentru uz permanent, c\u00e2t \u0219i sezonier la dachas, gospod\u0103rii private, cabane, a\u0219ez\u0103ri de cabane etc. Instalarea sa este mult mai profitabil\u0103 dec\u00e2t efectuarea de comunica\u021bii urbane c\u0103tre un obiect reziden\u021bial. Sistemul de canalizare autonom \u201eTOPAS-50\u201d \u00eendepline\u0219te toate standardele sanitare (asigur\u0103 cur\u0103\u021barea 98 % de poluare) \u0219i este sigur din punct de vedere ecologic pentru mediu. Apa ob\u021binut\u0103 dup\u0103 tratamentul biologic profund poate fi refolosit\u0103 \u00een scopuri tehnice (inclusiv irigarea culturilor sterpe). Canalizarea autonom\u0103 ocup\u0103 foarte pu\u021bin spa\u021biu pe amplasament, este u\u0219or de instalat \u0219i de operat.<\/p>\n<h3>Canalizarea autonom\u0103 \u201eTOPAS 50\u201d este:<\/h3>\n<ul>\n<li>Tratarea apelor uzate de \u00eenalt\u0103 calitate (p\u00e2n\u0103 la 98%);<\/li>\n<li>Corp compact u\u0219or \u0219i durabil, realizat din polipropilen\u0103 de \u00eenalt\u0103 calitate \u0219i echipat cu rigidizatoare;<\/li>\n<li>Instalare simpl\u0103 \u00eentr-un timp scurt, posibilitatea instal\u0103rii \u00een orice moment al anului, \u00een orice tip de sol, chiar \u0219i cu un nivel ridicat de ap\u0103 freatic\u0103;<\/li>\n<li>Siguran\u021b\u0103 complet\u0103 a mediului, f\u0103r\u0103 miros nepl\u0103cut;<\/li>\n<li>U\u0219urin\u021ba de \u00eentre\u021binere: nu este nevoie s\u0103 apela\u021bi un camion de canalizare, s\u0103 cump\u0103ra\u021bi culturi de microorganisme etc .;<\/li>\n<li>Ie\u0219ire - ap\u0103 industrial\u0103 curat\u0103 \u0219i n\u0103mol stabilizat;<\/li>\n<li>Fiabilitate \u0219i durabilitate, durata de via\u021b\u0103 este mai mare de 50 de ani.<\/li>\n<\/ul>\n<p>Instala\u021bii \u201eTOPAS\u201d - aceasta este decizia corect\u0103 atunci c\u00e2nd se amenajeaz\u0103 canalizarea unei case de \u021bar\u0103.<\/p>","protected":false},"excerpt":{"rendered":"<h2><strong>\u043e\u0442 10200 EUR<\/strong><\/h2>\n<p>Sistemul de canalizare autonom \u201eTOPAS-50\u201d \u00eendepline\u0219te toate standardele sanitare (asigur\u0103 cur\u0103\u021barea 98 % de poluare) \u0219i este sigur din punct de vedere ecologic pentru mediu.<\/p>","protected":false},"featured_media":441,"comment_status":"open","ping_status":"closed","template":"","meta":{"_acf_changed":false},"product_brand":[],"product_cat":[23],"product_tag":[],"class_list":{"0":"post-440","1":"product","2":"type-product","3":"status-publish","4":"has-post-thumbnail","6":"product_cat-toplos","8":"first","9":"instock","10":"shipping-taxable","11":"product-type-simple"},"acf":[],"_links":{"self":[{"href":"https:\/\/ecoline.md\/ro\/wp-json\/wp\/v2\/product\/440","targetHints":{"allow":["GET"]}}],"collection":[{"href":"https:\/\/ecoline.md\/ro\/wp-json\/wp\/v2\/product"}],"about":[{"href":"https:\/\/ecoline.md\/ro\/wp-json\/wp\/v2\/types\/product"}],"replies":[{"embeddable":true,"href":"https:\/\/ecoline.md\/ro\/wp-json\/wp\/v2\/comments?post=440"}],"wp:featuredmedia":[{"embeddable":true,"href":"https:\/\/ecoline.md\/ro\/wp-json\/wp\/v2\/media\/441"}],"wp:attachment":[{"href":"https:\/\/ecoline.md\/ro\/wp-json\/wp\/v2\/media?parent=440"}],"wp:term":[{"taxonomy":"product_brand","embeddable":true,"href":"https:\/\/ecoline.md\/ro\/wp-json\/wp\/v2\/product_brand?post=440"},{"taxonomy":"product_cat","embeddable":true,"href":"https:\/\/ecoline.md\/ro\/wp-json\/wp\/v2\/product_cat?post=440"},{"taxonomy":"product_tag","embeddable":true,"href":"https:\/\/ecoline.md\/ro\/wp-json\/wp\/v2\/product_tag?post=440"}],"curies":[{"name":"wp","href":"https:\/\/api.w.org\/{rel}","templated":true}]}}