{"id":446,"date":"2021-01-20T11:02:53","date_gmt":"2021-01-20T08:02:53","guid":{"rendered":"https:\/\/ecoline.md\/?post_type=product&#038;p=446"},"modified":"2021-06-16T21:54:06","modified_gmt":"2021-06-16T18:54:06","slug":"toplos-75","status":"publish","type":"product","link":"https:\/\/ecoline.md\/ro\/product\/toplos-75\/","title":{"rendered":"TOPLOS 75"},"content":{"rendered":"<p>Canalizarea autonom\u0103 \u201eTOPAS-75\u201d este o oportunitate de a crea un confort deplin \u00eentr-un sat suburban, \u00een care nu exist\u0103 comunica\u021bii urbane centralizate. Unitatea este proiectat\u0103 pentru utilizarea apelor uzate menajere (grad de purificare - p\u00e2n\u0103 la 98 %, care \u00eendepline\u0219te cerin\u021bele SanPiNs). Canalizarea suburban\u0103 este utilizat\u0103 pe scar\u0103 larg\u0103 \u00een cabane de var\u0103, case la \u021bar\u0103, cabane etc. Instalarea sa este mai profitabil\u0103 dec\u00e2t comunica\u021biile ora\u0219ului. Principiul func\u021bion\u0103rii sistemului de canalizare autonom se bazeaz\u0103 pe metoda de tratare biologic\u0103. Apa ob\u021binut\u0103 ca urmare a purific\u0103rii poate fi utilizat\u0103 \u00een scopuri tehnice, iar dup\u0103 dezinfectare poate fi deversat\u0103 \u00een corpurile de ap\u0103. Canalizarea autonom\u0103 este u\u0219or de instalat \u0219i nu necesit\u0103 \u00eentre\u021binere intensiv\u0103 \u00een munc\u0103. Instalarea \u201eTOPAS-75\u201d este un exemplu de sistem modern \u0219i fiabil care asigur\u0103 un grad ridicat de cur\u0103\u021bare, este durabil, inofensiv \u0219i ecologic.<\/p>\n<h3>Canalizarea autonom\u0103 \u201eTOPAS 75\u201d este:<\/h3>\n<ul>\n<li>Tratarea apelor uzate de \u00eenalt\u0103 calitate (p\u00e2n\u0103 la 98%);<\/li>\n<li>Corp compact u\u0219or \u0219i durabil, realizat din polipropilen\u0103 de \u00eenalt\u0103 calitate \u0219i echipat cu rigidizatoare;<\/li>\n<li>Instalare simpl\u0103 \u00eentr-un timp scurt, posibilitatea instal\u0103rii \u00een orice moment al anului, \u00een orice tip de sol, chiar \u0219i cu un nivel ridicat de ap\u0103 freatic\u0103;<\/li>\n<li>Siguran\u021b\u0103 complet\u0103 a mediului, f\u0103r\u0103 miros nepl\u0103cut;<\/li>\n<li>U\u0219urin\u021ba de \u00eentre\u021binere: nu este nevoie s\u0103 apela\u021bi un camion de canalizare, s\u0103 cump\u0103ra\u021bi culturi de microorganisme etc .;<\/li>\n<li>Ie\u0219ire - ap\u0103 industrial\u0103 curat\u0103 \u0219i n\u0103mol stabilizat;<\/li>\n<li>Fiabilitate \u0219i durabilitate, durata de via\u021b\u0103 este mai mare de 50 de ani.<\/li>\n<\/ul>\n<p>Instala\u021bii \u201eTOPAS\u201d - aceasta este decizia corect\u0103 atunci c\u00e2nd se amenajeaz\u0103 canalizarea unei case de \u021bar\u0103.<\/p>","protected":false},"excerpt":{"rendered":"<h2><strong>\u043e\u0442 12800 EUR<\/strong><\/h2>\n<p>Canalizarea autonom\u0103 \u201eTOPAS-75\u201d este o oportunitate de a crea un confort deplin \u00eentr-un sat suburban, \u00een care nu exist\u0103 comunica\u021bii urbane centralizate. Unitatea este proiectat\u0103 pentru utilizarea apelor uzate menajere (grad de purificare - p\u00e2n\u0103 la 98 %, care \u00eendepline\u0219te cerin\u021bele SanPiNs).<\/p>","protected":false},"featured_media":451,"comment_status":"open","ping_status":"closed","template":"","meta":{"_acf_changed":false},"product_brand":[],"product_cat":[23],"product_tag":[],"class_list":{"0":"post-446","1":"product","2":"type-product","3":"status-publish","4":"has-post-thumbnail","6":"product_cat-toplos","8":"first","9":"instock","10":"shipping-taxable","11":"product-type-simple"},"acf":[],"_links":{"self":[{"href":"https:\/\/ecoline.md\/ro\/wp-json\/wp\/v2\/product\/446","targetHints":{"allow":["GET"]}}],"collection":[{"href":"https:\/\/ecoline.md\/ro\/wp-json\/wp\/v2\/product"}],"about":[{"href":"https:\/\/ecoline.md\/ro\/wp-json\/wp\/v2\/types\/product"}],"replies":[{"embeddable":true,"href":"https:\/\/ecoline.md\/ro\/wp-json\/wp\/v2\/comments?post=446"}],"wp:featuredmedia":[{"embeddable":true,"href":"https:\/\/ecoline.md\/ro\/wp-json\/wp\/v2\/media\/451"}],"wp:attachment":[{"href":"https:\/\/ecoline.md\/ro\/wp-json\/wp\/v2\/media?parent=446"}],"wp:term":[{"taxonomy":"product_brand","embeddable":true,"href":"https:\/\/ecoline.md\/ro\/wp-json\/wp\/v2\/product_brand?post=446"},{"taxonomy":"product_cat","embeddable":true,"href":"https:\/\/ecoline.md\/ro\/wp-json\/wp\/v2\/product_cat?post=446"},{"taxonomy":"product_tag","embeddable":true,"href":"https:\/\/ecoline.md\/ro\/wp-json\/wp\/v2\/product_tag?post=446"}],"curies":[{"name":"wp","href":"https:\/\/api.w.org\/{rel}","templated":true}]}}