{"id":495,"date":"2021-01-20T12:50:13","date_gmt":"2021-01-20T09:50:13","guid":{"rendered":"https:\/\/ecoline.md\/?post_type=product&#038;p=495"},"modified":"2021-06-16T22:15:50","modified_gmt":"2021-06-16T19:15:50","slug":"toplosajero-9","status":"publish","type":"product","link":"https:\/\/ecoline.md\/ro\/product\/toplosajero-9\/","title":{"rendered":"TOPLOSAERO 9"},"content":{"rendered":"<p>Compania TOPOL-ECO utilizeaz\u0103 \u00een dezvoltarea sa numai metode sigure \u0219i eficiente de tratare a apelor uzate. \u201eTOPAERO-9\u201d este o unitate de \u00eenalt\u0103 tehnologie pentru tratarea efluen\u021bilor genera\u021bi ca urmare a activit\u0103\u021bilor casnice \u0219i economice ale diferitelor obiecte.<\/p>\n<h3>Principiul de func\u021bionare<\/h3>\n<p>Func\u021bionarea instala\u021biei pune \u00een aplicare principiul tratamentului biologic folosind microorganisme aerobe con\u021binute \u00een n\u0103molul activat. Aerarea intensiv\u0103 asigur\u0103 o activitate ridicat\u0103 a proceselor oxidative care distrug poluarea organic\u0103.<\/p>\n<h3>Avantajele instal\u0103rii<\/h3>\n<p>\u201eTOPAERO-9\u201d \u00eencorporeaz\u0103 solu\u021bii tehnologice \u0219i de proiectare dezvoltate \u0219i brevetate de speciali\u0219tii companiei. Problema form\u0103rii inegale a apelor uzate (desc\u0103rc\u0103ri de volei de volume mari diminea\u021ba \u0219i seara) a fost rezolvat\u0103 cu succes cu ajutorul unei camere de recep\u021bie suplimentare, care permite primirea unei desc\u0103rc\u0103ri de volei crescute a apelor uzate. \u0218i un astfel de proces nedorit precum sp\u0103larea n\u0103molului activ care con\u021bine microorganisme necesare pentru purificare este minimizat de prezen\u021ba unui rezervor de decantare de tip coridor.<\/p>\n<p>UOSV poate prelucra h\u00e2rtie igienic\u0103, ap\u0103 de la ma\u0219inile de sp\u0103lat (atunci c\u00e2nd se utilizeaz\u0103 detergen\u021bi de uz casnic \u00een ele), o cantitate moderat\u0103 de substan\u021be puternice pentru cur\u0103\u021barea toaletelor \u0219i a altor obiecte sanitare.<\/p>\n<p>Unitatea de sine st\u0103t\u0103toare &quot;TOPAERO-9&quot; se manifest\u0103 \u00een cel mai bun mod posibil la tratarea apelor uzate din cl\u0103dirile suburbane private \u0219i publice, hoteluri, cl\u0103diri de birouri, cafenele \u0219i snack baruri, mici \u00eentreprinderi alimentare.<\/p>\n<p>Instalare convenabil\u0103 \u0219i rapid\u0103, eficien\u021b\u0103 ridicat\u0103 de cur\u0103\u021bare, \u00eentre\u021binere u\u0219oar\u0103, durat\u0103 lung\u0103 de via\u021b\u0103, absen\u021ba mirosului nepl\u0103cut - toate aceste avantaje au asigurat o cerere mare de instalare \u00een r\u00e2ndul proprietarilor \u0219i administratorilor cl\u0103dirilor private \u0219i publice. Pentru to\u021bi cei care doresc s\u0103 cur\u0103\u021be apele menajere menajere cu probleme \u0219i cheltuieli minime \u0219i, \u00een acela\u0219i timp, s\u0103 p\u0103streze natura din jur curat\u0103, TOPAERO-9 este solu\u021bia optim\u0103.<\/p>","protected":false},"excerpt":{"rendered":"<h2><strong>\u043e\u0442 11 100EUR<\/strong><\/h2>\n<p>Compania TOPOL-ECO utilizeaz\u0103 \u00een dezvoltarea sa numai metode sigure \u0219i eficiente de tratare a apelor uzate. \u201eTOPAERO-9\u201d este o unitate de \u00eenalt\u0103 tehnologie pentru tratarea efluen\u021bilor genera\u021bi ca urmare a activit\u0103\u021bilor casnice \u0219i economice ale diferitelor obiecte.<\/p>","protected":false},"featured_media":499,"comment_status":"open","ping_status":"closed","template":"","meta":{"_acf_changed":false},"product_brand":[],"product_cat":[25],"product_tag":[],"class_list":{"0":"post-495","1":"product","2":"type-product","3":"status-publish","4":"has-post-thumbnail","6":"product_cat-topaero","8":"first","9":"instock","10":"shipping-taxable","11":"product-type-simple"},"acf":[],"_links":{"self":[{"href":"https:\/\/ecoline.md\/ro\/wp-json\/wp\/v2\/product\/495","targetHints":{"allow":["GET"]}}],"collection":[{"href":"https:\/\/ecoline.md\/ro\/wp-json\/wp\/v2\/product"}],"about":[{"href":"https:\/\/ecoline.md\/ro\/wp-json\/wp\/v2\/types\/product"}],"replies":[{"embeddable":true,"href":"https:\/\/ecoline.md\/ro\/wp-json\/wp\/v2\/comments?post=495"}],"wp:featuredmedia":[{"embeddable":true,"href":"https:\/\/ecoline.md\/ro\/wp-json\/wp\/v2\/media\/499"}],"wp:attachment":[{"href":"https:\/\/ecoline.md\/ro\/wp-json\/wp\/v2\/media?parent=495"}],"wp:term":[{"taxonomy":"product_brand","embeddable":true,"href":"https:\/\/ecoline.md\/ro\/wp-json\/wp\/v2\/product_brand?post=495"},{"taxonomy":"product_cat","embeddable":true,"href":"https:\/\/ecoline.md\/ro\/wp-json\/wp\/v2\/product_cat?post=495"},{"taxonomy":"product_tag","embeddable":true,"href":"https:\/\/ecoline.md\/ro\/wp-json\/wp\/v2\/product_tag?post=495"}],"curies":[{"name":"wp","href":"https:\/\/api.w.org\/{rel}","templated":true}]}}