{"id":516,"date":"2021-01-20T12:35:30","date_gmt":"2021-01-20T09:35:30","guid":{"rendered":"https:\/\/ecoline.md\/?post_type=product&#038;p=516"},"modified":"2023-02-16T14:44:48","modified_gmt":"2023-02-16T11:44:48","slug":"toplosajero-m","status":"publish","type":"product","link":"https:\/\/ecoline.md\/ro\/product\/toplosajero-m\/","title":{"rendered":"TOPLOSAERO-M"},"content":{"rendered":"<p>Tehnologie combinat\u0103 de tratare a apelor uzate: tratament mecanic, tratament biologic complet, post-tratament fizic \u0219i chimic \u0219i dezinfectare.<\/p>\n<p>\u00cen procesele de tratare a apelor uzate, se formeaz\u0103 o cantitate relativ mic\u0103 de n\u0103mol stabilizat aerob, care poate fi utilizat ca \u00eengr\u0103\u0219\u0103m\u00e2nt (cu dezinfec\u021bia sa preliminar\u0103). Pentru a reduce costurile economice de eliminare a unei cantit\u0103\u021bi mari de n\u0103mol, este prev\u0103zut\u0103 deshidratarea mecanic\u0103, \u00een care volumul n\u0103molului este redus semnificativ.<\/p>\n<p>Apele uzate sunt furnizate complexului TOPAERO-M prin gravita\u021bie sau \u00een regim de presiune (sta\u021bie de pompare a apelor uzate - SPS).<\/p>\n<p>Dac\u0103 este necesar, \u00een cl\u0103direa tehnic\u0103 sunt instalate echipamente mecanice de cur\u0103\u021bare (gr\u0103tare, capcane tangen\u021biale pentru nisip sau dispozitive combinate), echipamente pentru tratarea \u0219i dezinfectarea reactivilor. \u00cen conformitate cu specificul instala\u021biei, este posibil s\u0103 se instaleze echipamente tehnologice suplimentare pentru purificarea apei.<\/p>\n<p>Fiecare dintre unit\u0103\u021bile de tratament biologic TOPAERO-M este echipat\u0103 cu o camer\u0103 de recep\u021bie conceput\u0103 pentru a reduce sarcinile de v\u00e2rf. Pentru distribuirea uniform\u0103 a fluxului apelor uzate ini\u021biale \u00eentre unit\u0103\u021bile de tratare biologic\u0103, este prev\u0103zut\u0103 o camer\u0103 de distribu\u021bie.<\/p>\n<p>O unitate integral\u0103 a echipamentelor de tratare biologic\u0103 este o unitate TOPAERO-M12 cu o capacitate nominal\u0103 de 12 m3 \/ zi sau o unitate TOPLOSAERO-M16 cu o capacitate nominal\u0103 de 16 m3 \/ zi. Blocul este un vas autoportant din polipropilen\u0103, de form\u0103 dreptunghiular\u0103 vertical\u0103, cu g\u00e2t dreptunghiular \u0219i capac articulat termoizolat.<\/p>\n<p>Toate procesele tehnologice de tratament biologic, sedimentarea secundar\u0103, stabilizarea aerob\u0103 a n\u0103molului trec secven\u021bial \u00eentr-un singur rezervor TOPAERO-M, care este \u00eemp\u0103r\u021bit spa\u021bial \u00een sec\u021biuni (zone func\u021bionale), \u00een care au loc diferite etape tehnologice.<\/p>\n<p><strong>Unitatea de tratament biologic \u201eTOPAERO-M\u201d are urm\u0103toarele sec\u021biuni:<\/strong><\/p>\n<ul>\n<li>Camera de primire;<\/li>\n<li>Camera de urgenta;<\/li>\n<li>Aerotank - nitrifiant;<\/li>\n<li>Rezervor secundar de decantare (piramida sa trunchiat\u0103 este \u00eencorporat\u0103 \u00een rezervorul de aerare);<\/li>\n<li>Stabilizator de n\u0103mol;<\/li>\n<li>Compartimentul unit\u0103\u021bii de comand\u0103 \u0219i electricitate.<\/li>\n<\/ul>\n<p>Func\u021bionarea unit\u0103\u021bii de tratament biologic TOPAERO-M se bazeaz\u0103 pe tehnologia unui bioreactor de ac\u021biune intermitent\u0103 (variabil\u0103) sau aerare intermitent\u0103 - SBR (din englez\u0103 - Sequencing Batch Reactor), \u00een care un volum constant de n\u0103mol activ este situat \u00een unitatea de tratament biologic \u0219i ciclurile de aerare alterneaz\u0103 \/ sus\u021bin.<\/p>\n<h4>Caracteristici \u0219i avantaje ale blocului TOPAERO-M:<\/h4>\n<ul>\n<li>Adaptarea la schimb\u0103ri \u00een diferite condi\u021bii, cum ar fi fluctua\u021biile volumului de intrare sau gradul de poluare;<\/li>\n<li>Combina\u021bia unui pre-aerator pulsat, \u00een care canalele de scurgere sunt amestecate cu aer \u0219i o camer\u0103 de recep\u021bie;<\/li>\n<li>Un grad ridicat de purificare biologic\u0103, datorit\u0103 posibilit\u0103\u021bii altern\u0103rii fazelor aerobe \u0219i anaerobe \u00eentr-un singur volum (activarea la diferite intervale de timp a diferitelor grupuri de biomas\u0103 responsabile de diferite procese biochimice, ceea ce duce la o varietate de reac\u021bii \u00een curs \u0219i \u00eembun\u0103t\u0103\u021be\u0219te calitatea purificare);<\/li>\n<li>Utilizarea aeratoarelor moderne, care m\u0103resc zona de contact a apei \u0219i aerului purificat \u0219i, de asemenea, asigur\u0103 dizolvarea oxigenului \u00een ap\u0103;<\/li>\n<li>Separarea optim\u0103 a n\u0103molului \u0219i a apei tratate;<\/li>\n<li>Utilizarea pompelor de ridicare a aerului pentru pomparea unui amestec de ap\u0103 \u0219i n\u0103mol, care economise\u0219te energie \u0219i previne distrugerea floculurilor de n\u0103mol activate;<\/li>\n<li>Men\u021binerea concentra\u021biei de n\u0103mol activat la un anumit nivel constant \u0219i \u00eendep\u0103rtarea excesului s\u0103u \u00eentr-un recipient \u00een care tratamentul s\u0103u aerob este efectuat pentru o lung\u0103 perioad\u0103 de timp;<\/li>\n<li>U\u0219or de operat.<\/li>\n<\/ul>\n<p>Spre deosebire de unit\u0103\u021bile TOPAERO, aerul este furnizat unit\u0103\u021bilor TOPAERO-M de c\u0103tre suflante instalate \u00eentr-o cl\u0103dire tehnic\u0103 (\u00een TOPAERO compresoarele sunt amplasate \u00een interiorul unit\u0103\u021bii).<\/p>\n<p>La evacuarea apei purificate \u00eentr-un rezervor, se utilizeaz\u0103 o unitate separat\u0103 de reactor post-tratament, care este un echipament de post-tratament mai eficient, \u00een compara\u021bie cu filtrele conven\u021bionale de mare vitez\u0103, deoarece folose\u0219te nu numai tratament mecanic (filtrare), ci \u0219i tratament biologic , \u00eendep\u0103rtarea reactivilor de fosfa\u021bi (dac\u0103 este necesar).<\/p>\n<p>Toate procesele tehnologice de epurare a apelor uzate au loc \u00een containere \u00eenchise cu aerare, ceea ce exclude apari\u021bia \u0219i r\u0103sp\u00e2ndirea mirosurilor nepl\u0103cute. Studiile atmosferice confirm\u0103 faptul c\u0103 aerul din zonele populate respect\u0103 standardele actuale de igien\u0103. Nivelul de zgomot la locul de instalare al sta\u021biei de epurare a apelor uzate respect\u0103, de asemenea, reglement\u0103rile igienice actuale.<\/p>\n<h4>Domeniul de aplicare al complexului de tratare a apelor uzate menajere &quot;TOPAERO-M&quot;.<\/h4>\n<p>Complexul de tratare a apelor uzate menajere, denumit \u00een continuare \u201eComplexul\u201d, este destinat tratamentului apelor uzate menajere prin oxidare biologic\u0103 complet\u0103, urmat de tratarea suplimentar\u0103 \u0219i dezinfectarea apei condi\u021bionat de pure \u00een conformitate cu normele \u0219i regulile sanitare \u0219i epidemiologice actuale.<\/p>\n<h4>Principiul \u201ecomplexului\u201d.<\/h4>\n<p>\u201eComplexul\u201d a fost dezvoltat pe baza experien\u021bei de operare a sta\u021biilor mari de tratare a apelor uzate cu aerare continu\u0103 cu bule fine. Aceast\u0103 solu\u021bie tehnic\u0103 este protejat\u0103 de brevetele OOO PO TOPOL-ECO. \u00cen cursul proiect\u0103rii \u201eComplexului\u201d pentru tratarea apelor reziduale biologice profunde, a fost rezolvat\u0103 problema fluxului de ape uzate inegale, care este tipic pentru apele uzate menajere. \u201eComplexul\u201d este un sistem cu dou\u0103 faze de aerobic-anoxid cu men\u021binerea automat\u0103 a concentra\u021biei de n\u0103mol activat \u00een rezervorul de aerare \u0219i stabilizarea pe termen lung a excesului de n\u0103mol.<br \/>\nProcesul de purificare biologic\u0103 const\u0103 \u00een distrugerea biochimic\u0103 a substan\u021belor organice de c\u0103tre microorganisme. Apele uzate \u00ee\u0219i pierd tendin\u021ba de descompunere, devin transparente, iar contaminarea bacterian\u0103 este semnificativ redus\u0103.<\/p>\n<p><em><strong>Atentie !!!<\/strong><\/em><br \/>\n<em><strong>Complexul este conceput pentru prelucrarea apelor uzate apar\u021bin\u00e2nd categoriei \u201eApe uzate menajere\u201d. Intrarea apei subterane, a apei pluviale \u00een acest complex poate duce la defec\u021biuni \u00een func\u021bionarea sa, supra\u00eenc\u0103rcarea re\u021belelor \u0219i a structurilor sistemelor de canalizare.<\/strong><\/em><\/p>\n<h4>Proces tehnologic de cur\u0103\u021bare.<\/h4>\n<p>Apele uzate contaminate intr\u0103 \u00een sta\u021bia de pompare a apelor uzate (SPS), unde sunt pompate \u00een rezervorul de recep\u021bie al cl\u0103dirii tehnologice folosind pompe fecale. Mai mult, apele uzate sunt distribuite uniform peste camerele de recep\u021bie ale \u201eComplexului\u201d, \u00een care apa uzat\u0103 este diluat\u0103 cu n\u0103mol activat. Din rezervorul de recep\u021bie, un amestec de ape uzate netratate cu n\u0103mol activ este alimentat de un transport aerian c\u0103tre aerotanc, \u00een care are loc tratamentul biologic (adic\u0103 oxidarea biologic\u0103 a substan\u021belor organice prin expunerea la un amestec concentrat de n\u0103mol activ). Apa purificat\u0103, dup\u0103 stabilirea \u00een rezervorul secundar de decantare, intr\u0103 pe linia de ie\u0219ire a \u201eComplexului\u201d \u0219i mai departe \u00een cl\u0103direa tehnologic\u0103, unde are loc o purificare suplimentar\u0103 \u0219i dezinfectarea apei condi\u021bionat de pure. Mai mult, apa p\u0103trunde \u00een pu\u021bul de stocare a apei curate, unde este utilizat\u0103 pentru nevoile gospod\u0103riei cu ajutorul pompelor, iar o parte din aceasta este deviat\u0103 spre canalizare. Pentru a men\u021bine gradul de purificare calculat \u0219i pentru a evita sp\u0103larea cu n\u0103mol activat, ar trebui evitat un exces al volumului de ape uzate evacuate.<\/p>\n<h4>Set complet al complexului.<\/h4>\n<p>Sta\u021biile de tratare biologic\u0103 care fac parte din \u201eComplex\u201d sunt furnizate complet echipate \u0219i gata de func\u021bionare. Echipamentele suplimentare sunt efectuate \u00een conformitate cu Contractul de livrare cu Clientul.<\/p>\n<h4>Cerin\u021be sanitare \u0219i igienice.<\/h4>\n<p>Complexul de tratare a apelor uzate menajere, proiectat pentru tratarea apelor uzate menajere prin oxidare biologic\u0103 complet\u0103, trebuie s\u0103 respecte urm\u0103toarele documente de reglementare: SanPiN 2.1.5.980-00, SanPiN 2.2.1 \/ 2.1.1.1200-03, SP 4690-88 GOST 25298 - 82, SNiP 2.02.01-83, SNiP 2.04.03-85, SNiP 3.05.04-85<\/p>\n<h4>\u00centre\u021binerea echipamentelor pentru complexul de epurare a apelor uzate.<\/h4>\n<p>Sta\u021biile de epurare a apelor uzate func\u021bioneaz\u0103 \u00een regim automat. Controlul asupra func\u021bion\u0103rii suflantelor, a sistemului de filtrare, a sistemului de dezinfec\u021bie \u0219i a pompelor fecale se efectueaz\u0103 de c\u0103tre operatorul sta\u021biei de tratare (OS). \u00cen toate etapele sistemului de procesare a apelor uzate ale Complexului, este prev\u0103zut un sistem de alarm\u0103, situat direct pe modulele Complexului, \u00een cl\u0103direa tehnologic\u0103.<\/p>\n<p>Comutarea pompei fecale de lucru la cea de rezerv\u0103 are loc \u00een modul automat, \u00een cazul defect\u0103rii unit\u0103\u021bii de lucru.<br \/>\n\u00cen cazul unei \u00eentreruperi a curentului, electricianul de serviciu trece alimentarea cu energie electric\u0103 a sta\u021biei de epurare la una de rezerv\u0103 (este recomandabil s\u0103 o furniza\u021bi). Categoria de fiabilitate a echipamentelor este a doua, adic\u0103 o pauz\u0103 \u00een func\u021bionarea sa este permis\u0103 pentru cel mult 6 ore, cu condi\u021bia ca alimentarea cu ap\u0103 s\u0103 fie \u00eentrerupt\u0103 simultan.<br \/>\nSarcina principal\u0103 a operatorului de sistem de operare este men\u021binerea \u0219i controlul modului de func\u021bionare a \u201eComplexului\u201d instala\u021biilor de tratare, a utilit\u0103\u021bilor de canalizare \u00een conformitate cu cerin\u021bele acestui manual \u0219i cu cerin\u021bele standardelor de stat pentru apele uzate tratate, func\u021bionarea \u00een siguran\u021b\u0103 a echipamentelor.<\/p>\n<h4>M\u0103suri pentru func\u021bionarea de iarn\u0103.<\/h4>\n<p>Proiectarea \u201eComplexului\u201d pentru tratarea apelor uzate prevede lucrul cu apa menajer\u0103, a c\u0103rei temperatur\u0103 \u00eendepline\u0219te de obicei cerin\u021bele sta\u021biei \u00een condi\u021biile de iarn\u0103. \u201eComplexul\u201d func\u021bioneaz\u0103 fiabil la o temperatur\u0103 a apei nu mai mic\u0103 de + 5 \u00b0 \u0421. Dac\u0103 temperatura exterioar\u0103 nu scade sub -25 \u00b0 C \u0219i se asigur\u0103 cel pu\u021bin 20% de intrare de ape menajere menajere, \u201eComplexul\u201d nu necesit\u0103 m\u0103suri speciale de prevenire a iernii. \u00cen caz de sc\u0103dere brusc\u0103 a temperaturii sau de apari\u021bia \u00eenghe\u021burilor prelungite, se recomand\u0103 izolarea suplimentar\u0103 a p\u0103r\u021bii superioare a \u201eComplexului\u201d.<\/p>\n<h4>Cerin\u021be privind furnizarea de energie electric\u0103.<\/h4>\n<p>Sursa de alimentare a \u201eComplexului\u201d este conectat\u0103 numai prin intermediul tabloului de distribu\u021bie (ma\u0219in\u0103 automat\u0103). \u201eComplexul\u201d func\u021bioneaz\u0103 normal cu abateri de tensiune fa\u021b\u0103 de valoarea nominal\u0103 din 10%. \u00cen cazul unei \u00eentreruperi de curent, \u201eComplexul\u201d trebuie s\u0103 fie comutat la o surs\u0103 de alimentare de rezerv\u0103 (de preferin\u021b\u0103 furnizat\u0103). Func\u021bionarea &quot;Complexului&quot; este permis\u0103 numai cu sursa de alimentare cu \u00eemp\u0103m\u00e2ntare.<\/p>\n<p>&nbsp;<\/p>\n<p>&nbsp;<\/p>","protected":false},"excerpt":{"rendered":"<h2><strong>Pre\u021b \u00een func\u021bie de calculul proiectului<\/strong><\/h2>\n<p>Tehnologie combinat\u0103 de tratare a apelor uzate: tratament mecanic, tratament biologic complet, post-tratament mecanic, post-tratament fizic \u0219i chimic \u0219i dezinfectare.<\/p>","protected":false},"featured_media":517,"comment_status":"open","ping_status":"closed","template":"","meta":{"_acf_changed":false},"product_brand":[],"product_cat":[15],"product_tag":[],"class_list":{"0":"post-516","1":"product","2":"type-product","3":"status-publish","4":"has-post-thumbnail","6":"product_cat-uslugi","8":"first","9":"instock","10":"shipping-taxable","11":"product-type-simple"},"acf":[],"_links":{"self":[{"href":"https:\/\/ecoline.md\/ro\/wp-json\/wp\/v2\/product\/516","targetHints":{"allow":["GET"]}}],"collection":[{"href":"https:\/\/ecoline.md\/ro\/wp-json\/wp\/v2\/product"}],"about":[{"href":"https:\/\/ecoline.md\/ro\/wp-json\/wp\/v2\/types\/product"}],"replies":[{"embeddable":true,"href":"https:\/\/ecoline.md\/ro\/wp-json\/wp\/v2\/comments?post=516"}],"wp:featuredmedia":[{"embeddable":true,"href":"https:\/\/ecoline.md\/ro\/wp-json\/wp\/v2\/media\/517"}],"wp:attachment":[{"href":"https:\/\/ecoline.md\/ro\/wp-json\/wp\/v2\/media?parent=516"}],"wp:term":[{"taxonomy":"product_brand","embeddable":true,"href":"https:\/\/ecoline.md\/ro\/wp-json\/wp\/v2\/product_brand?post=516"},{"taxonomy":"product_cat","embeddable":true,"href":"https:\/\/ecoline.md\/ro\/wp-json\/wp\/v2\/product_cat?post=516"},{"taxonomy":"product_tag","embeddable":true,"href":"https:\/\/ecoline.md\/ro\/wp-json\/wp\/v2\/product_tag?post=516"}],"curies":[{"name":"wp","href":"https:\/\/api.w.org\/{rel}","templated":true}]}}