{"id":601,"date":"2021-01-27T23:50:43","date_gmt":"2021-01-27T20:50:43","guid":{"rendered":"https:\/\/ecoline.md\/?post_type=product&#038;p=601"},"modified":"2021-08-02T21:12:37","modified_gmt":"2021-08-02T18:12:37","slug":"termit-1200","status":"publish","type":"product","link":"https:\/\/ecoline.md\/ro\/product\/termit-1200\/","title":{"rendered":"Termite 1200"},"content":{"rendered":"<p>Capcanele industriale subterane pentru gr\u0103simi Thermite sunt utilizate pentru cazurile \u00een care este necesar\u0103 prelucrarea unei cantit\u0103\u021bi mari de ape uzate \u00een restaurantele \u0219i \u00eentreprinderile mari. Capcana de gr\u0103sime Termite 1200 este instalat\u0103 \u00een subteran, doar g\u00e2tul destinat \u00eentre\u021binerii \u0219i controlului iese la suprafa\u021b\u0103. Productivitate 2l\/sec.<\/p>\n<ol>\n<li>Corpul captatorului de gr\u0103sime este realizat din polietilen\u0103 liniar\u0103 prin turnare f\u0103r\u0103 o singur\u0103 cus\u0103tur\u0103 sudat\u0103. Datorit\u0103 acestui fapt, fosele septice sunt sigilate pe 100%<\/li>\n<li>Forma unic\u0103 cu nervuri de rigidizare pronun\u021bate ofer\u0103 o rezisten\u021b\u0103 sporit\u0103 a corpului \u0219i permite instalarea \u00een orice sol<\/li>\n<li>Toate capcanele de gr\u0103sime ale liniei Termit au un g\u00e2t universal, datorit\u0103 c\u0103ruia corpul ocup\u0103 mai pu\u021bin spa\u021biu pe site<\/li>\n<li>Toate capcanele industriale pentru gr\u0103simi au cleme \u00eencorporate, care sunt utilizate at\u00e2t pentru fixarea corpului \u00een timpul transportului, c\u00e2t \u0219i pentru cobor\u00e2rea convenabil\u0103 la fundul gropii<\/li>\n<li>Corpul este fabricat dintr-un material durabil care nu rugineste, nu se deterioreaz\u0103 sub influen\u021ba temperaturilor \u0219i are o rezisten\u021b\u0103 chimic\u0103 mare \u0219i, prin urmare, serve\u0219te mai mult de 50 de ani<\/li>\n<li>Toate capcanele pentru gr\u0103simi sunt ecologice \u0219i certificate<\/li>\n<\/ol>\n<p>Gradul de purificare a apei prin capcanele de gr\u0103sime \u201eTERMIT\u201d este:<br \/>\npentru solide suspendate - <b>98,06%; <\/b>de c\u0103tre BOD a fost -\u00a0<b>93,7%;<\/b>\u00a0Gradul de cur\u0103\u021bare pentru gr\u0103simi a fost -\u00a0<b>86,7%.<\/b><\/p>\n<p>Cantitatea minim\u0103 de ciment pentru o dimensiune standard a gropii -200 kg<\/p>","protected":false},"excerpt":{"rendered":"<h2><strong>\u043e\u0442 650 EUR<\/strong><\/h2>\n<p>Ele sunt utilizate pentru cazurile \u00een care procesarea unei cantit\u0103\u021bi mari de ape uzate este necesar\u0103 \u00een restaurantele \u0219i \u00eentreprinderile mari. Productivitate 2l\/sec.<\/p>","protected":false},"featured_media":627,"comment_status":"open","ping_status":"closed","template":"","meta":{"_acf_changed":false},"product_brand":[],"product_cat":[148],"product_tag":[],"class_list":{"0":"post-601","1":"product","2":"type-product","3":"status-publish","4":"has-post-thumbnail","6":"product_cat-separatory-zhirov-zhirouloviteli","8":"first","9":"instock","10":"shipping-taxable","11":"product-type-simple"},"acf":[],"_links":{"self":[{"href":"https:\/\/ecoline.md\/ro\/wp-json\/wp\/v2\/product\/601","targetHints":{"allow":["GET"]}}],"collection":[{"href":"https:\/\/ecoline.md\/ro\/wp-json\/wp\/v2\/product"}],"about":[{"href":"https:\/\/ecoline.md\/ro\/wp-json\/wp\/v2\/types\/product"}],"replies":[{"embeddable":true,"href":"https:\/\/ecoline.md\/ro\/wp-json\/wp\/v2\/comments?post=601"}],"wp:featuredmedia":[{"embeddable":true,"href":"https:\/\/ecoline.md\/ro\/wp-json\/wp\/v2\/media\/627"}],"wp:attachment":[{"href":"https:\/\/ecoline.md\/ro\/wp-json\/wp\/v2\/media?parent=601"}],"wp:term":[{"taxonomy":"product_brand","embeddable":true,"href":"https:\/\/ecoline.md\/ro\/wp-json\/wp\/v2\/product_brand?post=601"},{"taxonomy":"product_cat","embeddable":true,"href":"https:\/\/ecoline.md\/ro\/wp-json\/wp\/v2\/product_cat?post=601"},{"taxonomy":"product_tag","embeddable":true,"href":"https:\/\/ecoline.md\/ro\/wp-json\/wp\/v2\/product_tag?post=601"}],"curies":[{"name":"wp","href":"https:\/\/api.w.org\/{rel}","templated":true}]}}