{"id":659,"date":"2021-01-28T08:30:09","date_gmt":"2021-01-28T05:30:09","guid":{"rendered":"https:\/\/ecoline.md\/?post_type=product&#038;p=659"},"modified":"2021-03-30T19:46:01","modified_gmt":"2021-03-30T16:46:01","slug":"cziklon-2","status":"publish","type":"product","link":"https:\/\/ecoline.md\/ro\/product\/cziklon-2\/","title":{"rendered":"Ciclonul 2"},"content":{"rendered":"<h2 style=\"text-align: left;\" align=\"center\">Instalarea post-trat\u0103rii apelor uzate menajere TOPLOS-ZYKLON 2<\/h2>\n<p>Sistemul de tratare biologic\u0103 a de\u0219eurilor menajere \u0219i utilitare este cel mai eficient dintre toate metodele de tratare existente. \u0218i totu\u0219i, \u00een unele cazuri, poate fi necesar un tratament suplimentar \u00eenainte de deversarea efluen\u021bilor \u00eentr-un rezervor sau sol. Adesea, astfel de cerin\u021be sunt prezentate \u00een protec\u021bia sanitar\u0103 sau \u00een zonele special protejate. \u00cen astfel de situa\u021bii, se utilizeaz\u0103 complexe speciale post-tratament.<\/p>\n<p>Bioreactorul ZIKLON 2 este utilizat \u00eempreun\u0103 cu instala\u021biile de tratare de baz\u0103 \u0219i poate reduce semnificativ nivelul de poluare a apelor uzate. Astfel de echipamente suplimentare asigur\u0103 gradul de cur\u0103\u021bare a contamin\u0103rii reziduale p\u00e2n\u0103 la 50 %. \u201eCICLONA 2\u201d promoveaz\u0103 distrugerea biologic\u0103 a compu\u0219ilor poluan\u021bi reziduali.<\/p>\n<p>Structural, &quot;CYCLONE 2&quot; este un rezervor dreptunghiular din polipropilen\u0103. Performan\u021ba sistemului depinde \u00een mod direct de parametrii complexului de baz\u0103 de bioremediere, prin urmare &quot;CICLONA 2&quot; poate fi utilizat\u0103 cu sisteme de orice capacitate.<\/p>","protected":false},"excerpt":{"rendered":"<h2><strong>\u043e\u0442 2 640EUR<\/strong><\/h2>\n<p>Promoveaz\u0103 degradarea biologic\u0103 a compu\u0219ilor poluan\u021bi reziduali.<\/p>","protected":false},"featured_media":686,"comment_status":"open","ping_status":"closed","template":"","meta":{"_acf_changed":false},"product_brand":[],"product_cat":[150],"product_tag":[],"class_list":{"0":"post-659","1":"product","2":"type-product","3":"status-publish","4":"has-post-thumbnail","6":"product_cat-cziklon","8":"first","9":"instock","10":"shipping-taxable","11":"product-type-simple"},"acf":[],"_links":{"self":[{"href":"https:\/\/ecoline.md\/ro\/wp-json\/wp\/v2\/product\/659","targetHints":{"allow":["GET"]}}],"collection":[{"href":"https:\/\/ecoline.md\/ro\/wp-json\/wp\/v2\/product"}],"about":[{"href":"https:\/\/ecoline.md\/ro\/wp-json\/wp\/v2\/types\/product"}],"replies":[{"embeddable":true,"href":"https:\/\/ecoline.md\/ro\/wp-json\/wp\/v2\/comments?post=659"}],"wp:featuredmedia":[{"embeddable":true,"href":"https:\/\/ecoline.md\/ro\/wp-json\/wp\/v2\/media\/686"}],"wp:attachment":[{"href":"https:\/\/ecoline.md\/ro\/wp-json\/wp\/v2\/media?parent=659"}],"wp:term":[{"taxonomy":"product_brand","embeddable":true,"href":"https:\/\/ecoline.md\/ro\/wp-json\/wp\/v2\/product_brand?post=659"},{"taxonomy":"product_cat","embeddable":true,"href":"https:\/\/ecoline.md\/ro\/wp-json\/wp\/v2\/product_cat?post=659"},{"taxonomy":"product_tag","embeddable":true,"href":"https:\/\/ecoline.md\/ro\/wp-json\/wp\/v2\/product_tag?post=659"}],"curies":[{"name":"wp","href":"https:\/\/api.w.org\/{rel}","templated":true}]}}