{"id":660,"date":"2021-01-28T08:30:25","date_gmt":"2021-01-28T05:30:25","guid":{"rendered":"https:\/\/ecoline.md\/?post_type=product&#038;p=660"},"modified":"2021-03-30T19:47:59","modified_gmt":"2021-03-30T16:47:59","slug":"cziklon-2-pr","status":"publish","type":"product","link":"https:\/\/ecoline.md\/ro\/product\/cziklon-2-pr\/","title":{"rendered":"Ciclonul 2 PR"},"content":{"rendered":"<h2 style=\"text-align: left;\" align=\"center\"><strong>Sta\u021bie de post-tratare<\/strong> <strong>ape uzate menajere TOPLOS-ZYKLON 2 Ave<\/strong><\/h2>\n<p>&quot;CYCLONE 2 Pr&quot; este un bioreactor utilizat \u00een etapa final\u0103 a epur\u0103rii biologice a apelor uzate. Este folosit pentru modernizarea echipamentelor de tratare a apelor uzate de baz\u0103. Acest model va fi solu\u021bia optim\u0103 \u00een cazurile \u00een care este necesar s\u0103 se asigure o tratare suplimentar\u0103 eficient\u0103 a apelor uzate \u00eenainte de a le deversa \u00een sol sau \u00een corpul de ap\u0103.<\/p>\n<p>\u201eCYCLONE 2 Pr\u201d \u00eembun\u0103t\u0103\u021be\u0219te performan\u021ba de cur\u0103\u021bare la nivelul dorit. Pentru majoritatea parametrilor, gradul de purificare atinge 50 %. Unitatea este fabricat\u0103 din polipropilen\u0103 \u0219i are o form\u0103 dreptunghiular\u0103 ergonomic\u0103. &quot;CYCLONE 2 Pr&quot; este echipat cu o pomp\u0103 pentru drenaj for\u021bat.<\/p>\n<p><strong>Principiul de func\u021bionare al &quot;CYCLONE 2 PR&quot;<\/strong><\/p>\n<p>\u201eCICLONUL 2 Pr\u201d func\u021bioneaz\u0103 pe principiul ciclicit\u0103\u021bii. Lucrarea instala\u021biei poate fi \u00eemp\u0103r\u021bit\u0103 \u00een urm\u0103toarele etape:<\/p>\n<p>- purificarea apei trecute prin structura principal\u0103;<br \/>\n- sp\u0103larea filtrului pentru a \u00eendep\u0103rta impurit\u0103\u021bile stabilite, pomp\u00e2nd sedimentele din corpul unit\u0103\u021bii<\/p>\n<p>Apa furnizat\u0103 c\u0103tre \u201eCYCLONE 2 PR\u201d trece mai \u00eent\u00e2i sub o parti\u021bie semi-scufundat\u0103, apoi, ridic\u00e2ndu-se \u00een sus, curge prin blocul de \u00eenc\u0103rcare \u0219i este evacuat\u0103 \u00een afara instala\u021biei. \u00cen locul \u00een care efluen\u021bii trec prin reactor, o parte a n\u0103molului activ se a\u0219eaz\u0103 \u00een partea de jos a instala\u021biei, \u00een timp ce cealalt\u0103 r\u0103m\u00e2ne pe materialul de alimentare. Pe suprafa\u021ba sa se formeaz\u0103 un biofilm de microorganisme, din cauza c\u0103ruia sunt elimina\u021bi contaminan\u021bii organici r\u0103ma\u0219i.<\/p>","protected":false},"excerpt":{"rendered":"<h2><strong>\u043e\u0442 3 190EUR<\/strong><\/h2>\n<p>Acest model va fi solu\u021bia optim\u0103 \u00een cazurile \u00een care este necesar s\u0103 se asigure o tratare suplimentar\u0103 eficient\u0103 a apelor uzate \u00eenainte de a le deversa \u00een sol sau \u00een corpul de ap\u0103.<\/p>","protected":false},"featured_media":693,"comment_status":"open","ping_status":"closed","template":"","meta":{"_acf_changed":false},"product_brand":[],"product_cat":[150],"product_tag":[],"class_list":{"0":"post-660","1":"product","2":"type-product","3":"status-publish","4":"has-post-thumbnail","6":"product_cat-cziklon","8":"first","9":"instock","10":"shipping-taxable","11":"product-type-simple"},"acf":[],"_links":{"self":[{"href":"https:\/\/ecoline.md\/ro\/wp-json\/wp\/v2\/product\/660","targetHints":{"allow":["GET"]}}],"collection":[{"href":"https:\/\/ecoline.md\/ro\/wp-json\/wp\/v2\/product"}],"about":[{"href":"https:\/\/ecoline.md\/ro\/wp-json\/wp\/v2\/types\/product"}],"replies":[{"embeddable":true,"href":"https:\/\/ecoline.md\/ro\/wp-json\/wp\/v2\/comments?post=660"}],"wp:featuredmedia":[{"embeddable":true,"href":"https:\/\/ecoline.md\/ro\/wp-json\/wp\/v2\/media\/693"}],"wp:attachment":[{"href":"https:\/\/ecoline.md\/ro\/wp-json\/wp\/v2\/media?parent=660"}],"wp:term":[{"taxonomy":"product_brand","embeddable":true,"href":"https:\/\/ecoline.md\/ro\/wp-json\/wp\/v2\/product_brand?post=660"},{"taxonomy":"product_cat","embeddable":true,"href":"https:\/\/ecoline.md\/ro\/wp-json\/wp\/v2\/product_cat?post=660"},{"taxonomy":"product_tag","embeddable":true,"href":"https:\/\/ecoline.md\/ro\/wp-json\/wp\/v2\/product_tag?post=660"}],"curies":[{"name":"wp","href":"https:\/\/api.w.org\/{rel}","templated":true}]}}