{"id":744,"date":"2021-01-28T11:19:29","date_gmt":"2021-01-28T08:19:29","guid":{"rendered":"https:\/\/ecoline.md\/?post_type=product&#038;p=744"},"modified":"2022-08-12T11:24:33","modified_gmt":"2022-08-12T08:24:33","slug":"toplos-akva-90-45","status":"publish","type":"product","link":"https:\/\/ecoline.md\/ro\/product\/toplos-akva-90-45\/","title":{"rendered":"TOPLOS-AQUA 90 \/ 45gr"},"content":{"rendered":"<h2 style=\"text-align: left;\" align=\"center\"><strong>Sta\u021bie combinat\u0103 de tratare a apei TOPLOS-AQUA 90\/45 pentru instalare \u00een sol<\/strong><\/h2>\n<p>Unitatea combinat\u0103 de purificare a apei &quot;TOPLOS-AQUA&quot; este utilizat\u0103 pentru purificarea apei din iazuri \u0219i alte rezervoare artificiale de poluarea mecanic\u0103 (frunze c\u0103zute, ace, ramuri, diverse suspensii etc.), exces de materie organic\u0103 (carbon organic, amoniu, nitra\u021bi etc.) .).), cu returnarea ulterioar\u0103 a apei purificate \u00een rezervor.<\/p>\n<p>Unul dintre avantajele unit\u0103\u021bii de purificare este utilizarea unei unit\u0103\u021bi bactericide UV cu str\u0103lucire deschis\u0103, ceea ce duce la suprimarea algelor albastre-verzi, a c\u0103ror cre\u0219tere provoac\u0103 \u00eenflorirea rezervorului \u0219i a altor bacterii \u0219i ciuperci nedorite.<\/p>\n<p>Filtrul biologic \u201eTOPLOS-AQUA\u201d este special conceput pentru cur\u0103\u021barea iazurilor mari cu crap koi, precum \u0219i biotopuri.<\/p>\n<p>TOPLOS-AQUA reduce poluarea iazului \u00eentr-un mod rapid \u0219i fiabil, are grij\u0103 de apa cristalin\u0103 \u0219i, \u00een acela\u0219i timp, men\u021bine echilibrul biologic din iaz.<\/p>\n<p>Conceput \u0219i testat \u0219tiin\u021bific!<\/p>\n<p>&nbsp;<\/p>\n<p>Sec\u021biunea B - Sec\u021biunea de purificare a apei biologice mecanice \u0219i anaerobe (reactor anaerob cu microflora fix\u0103)<\/p>\n<p>Sec\u021biunea B - Sec\u021biunea de tratare fizic\u0103 \u0219i chimic\u0103 a apei (\u00eenc\u0103rcare zeolit) \u0219i aerare<\/p>\n<p>1 - Intrarea apei din rezervor (conducta de presiune)<\/p>\n<p>2 - Unitate germicid\u0103 UV<\/p>\n<p>3 - Compresor<\/p>\n<p>4 - \u00cenc\u0103rcarea materialului &quot;Matala\u00ae&quot;<\/p>\n<p>5 - Unitate de absorb\u021bie (caset\u0103) cu \u00eenc\u0103rcare cu zeolit<\/p>\n<p>6 - Aerator tubular<\/p>\n<p>7 - Conduct\u0103 de ap\u0103 purificat\u0103<\/p>\n<p>Principala caracteristic\u0103 distinctiv\u0103 a unit\u0103\u021bii TOPLOS-AQUA de alte produse similare de pe pia\u021b\u0103 este amplasarea compact\u0103 \u00eentr-o singur\u0103 carcas\u0103 a 4 elemente principale de purificare a apei:<\/p>\n<p>- instala\u021bie \u00eencorporat\u0103 ultraviolet\u0103 germicid\u0103<\/p>\n<p>- filtru grosier (material de \u00eenc\u0103rcare &quot;Matala&quot; \u00ae)<\/p>\n<p>- filtru fin de caset\u0103 (granulat de zeolit)<\/p>\n<p>- sistem de aerare<\/p>\n<p>TOPLOS-AQUA 90\/45 este destinat pentru purificarea apei din iazuri \u0219i alte rezervoare artificiale de contaminan\u021bi organici \u0219i minerali, cu returnarea ulterioar\u0103 a apei purificate \u00een rezervor.<\/p>","protected":false},"excerpt":{"rendered":"<h2><strong>\u043e\u0442 2 970EUR<\/strong><\/h2>\n<p>* - Primul num\u0103r indic\u0103 performan\u021ba de cur\u0103\u021bare a unui rezervor artificial F\u0102R\u0102 pe\u0219te, al doilea num\u0103r - cu pe\u0219te.<\/p>\n<p>Dispozitivul de instalare este un recipient dreptunghiular cu capac, \u00eemp\u0103r\u021bit prin parti\u021bii \u00een sec\u021biuni func\u021bionale.<\/p>\n<p>Echipamente de alimentare cu ap\u0103 - pomp\u0103, instalat\u0103 \u00eentr-un rezervor<\/p>\n<p>Echipamente de dezinfec\u021bie a apei - Unitate de str\u0103lucire \u00eenchis\u0103 bactericid\u0103 U<\/p>","protected":false},"featured_media":787,"comment_status":"open","ping_status":"closed","template":"","meta":{"_acf_changed":false},"product_brand":[],"product_cat":[177],"product_tag":[],"class_list":{"0":"post-744","1":"product","2":"type-product","3":"status-publish","4":"has-post-thumbnail","6":"product_cat-montazh-v-grunt","8":"first","9":"instock","10":"shipping-taxable","11":"product-type-simple"},"acf":[],"_links":{"self":[{"href":"https:\/\/ecoline.md\/ro\/wp-json\/wp\/v2\/product\/744","targetHints":{"allow":["GET"]}}],"collection":[{"href":"https:\/\/ecoline.md\/ro\/wp-json\/wp\/v2\/product"}],"about":[{"href":"https:\/\/ecoline.md\/ro\/wp-json\/wp\/v2\/types\/product"}],"replies":[{"embeddable":true,"href":"https:\/\/ecoline.md\/ro\/wp-json\/wp\/v2\/comments?post=744"}],"wp:featuredmedia":[{"embeddable":true,"href":"https:\/\/ecoline.md\/ro\/wp-json\/wp\/v2\/media\/787"}],"wp:attachment":[{"href":"https:\/\/ecoline.md\/ro\/wp-json\/wp\/v2\/media?parent=744"}],"wp:term":[{"taxonomy":"product_brand","embeddable":true,"href":"https:\/\/ecoline.md\/ro\/wp-json\/wp\/v2\/product_brand?post=744"},{"taxonomy":"product_cat","embeddable":true,"href":"https:\/\/ecoline.md\/ro\/wp-json\/wp\/v2\/product_cat?post=744"},{"taxonomy":"product_tag","embeddable":true,"href":"https:\/\/ecoline.md\/ro\/wp-json\/wp\/v2\/product_tag?post=744"}],"curies":[{"name":"wp","href":"https:\/\/api.w.org\/{rel}","templated":true}]}}