{"id":822,"date":"2021-01-28T15:41:01","date_gmt":"2021-01-28T12:41:01","guid":{"rendered":"https:\/\/ecoline.md\/?post_type=product&#038;p=822"},"modified":"2022-05-03T15:15:25","modified_gmt":"2022-05-03T12:15:25","slug":"biolatrin","status":"publish","type":"product","link":"https:\/\/ecoline.md\/ro\/product\/biolatrin\/","title":{"rendered":"Cur\u0103\u021b\u0103tor de rezervoare \u0219i fose septice BIOLATRIN"},"content":{"rendered":"<p><strong>Bioactivator &quot;<\/strong><strong>Biolatrin<\/strong><strong>&quot;(Bacterii pentru fosele septice<\/strong><strong>)<\/strong><\/p>\n<p>Biolatrina este cea mai recent\u0103 realizare \u00een biotehnologie de la sf\u00e2r\u0219itul secolului al XX-lea: se bazeaz\u0103 pe ideea cre\u0219terii microorganismelor vii care produc enzime speciale care sunt capabile s\u0103 proceseze cantit\u0103\u021bi uria\u0219e de gr\u0103simi, fibre organice, h\u00e2rtie \u0219i de\u0219euri naturale.<\/p>\n<p>Intr\u00e2nd \u00eentr-un bazin de scurgere sau de scurgere, toalet\u0103 sau sistem de canalizare, Biolatrin proceseaz\u0103 con\u021binutul acestora \u00een ap\u0103 adecvat\u0103 pentru curgerea natural\u0103 \u00een ap\u0103 de scurgere sau de ploaie \u0219i neutru \u00een ceea ce prive\u0219te compozi\u021bia chimic\u0103 \u0219i n\u0103molul de miros, care nu dep\u0103\u0219e\u0219te 3% din volumul total de organice material.<\/p>\n<p>Mai mult dec\u00e2t at\u00e2t, utilizarea medicamentului are un efect benefic asupra \u00eembun\u0103t\u0103\u021birii performan\u021belor sistemului de drenaj: previne \u00eengr\u0103m\u0103direa fundului bazinului de scurgere sau a foselor de drenaj \u0219i, \u00een acela\u0219i timp, recicleaz\u0103 sedimentele din interiorul conductelor de canalizare, cur\u0103\u021b\u0103 \u0219i cre\u0219te eliberarea lor.<\/p>\n<p>Cea mai eficient\u0103 ac\u021biune a \u201eBiolatrin\u201d se realizeaz\u0103 \u00een condi\u021bii \u00een care nivelul pH-ului variaz\u0103 de la 5 la 8,5, iar temperatura ambiant\u0103 - de la 4 la 40 \u00b0 C.<\/p>\n<p>Ca urmare a utiliz\u0103rii periodice a preparatului \u201eBiolatrin\u201d, durata de via\u021b\u0103 a unei gropi (toalet\u0103), a toaletei sau a unui sistem autonom de epurare devine practic nelimitat\u0103, dispare un miros nepl\u0103cut \u0219i dispare necesitatea de a apela un camion de canalizare. .<\/p>\n<p>\u00cen plus, regularitatea utiliz\u0103rii, dup\u0103 cum se arat\u0103 \u00een calculele speciali\u0219tilor, reduce semnificativ costurile \u201eBiolatrin\u201d pe unitate de volum a bazinului.<\/p>\n<p>Ce trebuie f\u0103cut pentru ca Biolatrin s\u0103 func\u021bioneze?<\/p>\n<ol>\n<li>\u00cen calcule se folose\u0219te o lingur\u0103 de m\u0103surare. \u00cen func\u021bie de volumul con\u021binutului fosei (scurgerii), toaletei sau sistemului de canalizare autonom (vezi tabelul de mai jos), se preg\u0103te\u0219te a\u0219a-numita doz\u0103 ini\u021bial\u0103, care se toarn\u0103 cu 4-6 litri de cald (30-40 \u00b0 C), apa sedimentat\u0103 \u0219i neclorurat\u0103.<\/li>\n<\/ol>\n<p>\u00cen al doilea r\u00e2nd, amestec\u00e2nd periodic solu\u021bia, l\u0103sa\u021bi-o s\u0103 se infuzeze, s\u0103 se umfle timp de 20-30 de minute.<\/p>\n<p>\u00cen cele din urm\u0103, \u00een al treilea r\u00e2nd, se toarn\u0103 solu\u021bia preg\u0103tit\u0103 \u00een locurile de aplicare: toalete exterioare, fose de scurgere (scurgere), vas de toalet\u0103, chiuvet\u0103 etc. \u00cen viitor, r\u0103m\u00e2ne doar s\u0103 faci lunar o anumit\u0103 cantitate de \u201eBiolatrin\u201d, a\u0219a cum se arat\u0103 \u00een tabel.<\/p>\n<p>\u00cen favoarea \u201eBiolatrin\u201d este faptul c\u0103 recipientele servite de acesta nu trebuie golite nici \u00eenainte de a utiliza medicamentul, nici \u00een timpul func\u021bion\u0103rii lor.<\/p>\n<p>Calculele arat\u0103 c\u0103, \u00een prezen\u021ba unei toalete standard de \u021bar\u0103, primul pachet achizi\u021bionat &quot;Biolatrin&quot; 400 gr. suficient pentru 18 luni de utilizare regulat\u0103, iar urm\u0103torul - pentru 20 de luni. Aproximativ aceea\u0219i cantitate de medicament va fi necesar\u0103 pentru o groap\u0103 de scurgere (de scurgere) cu un volum de p\u00e2n\u0103 la 4 metri cubi, cu un sistem de drenaj.<\/p>\n<p>Utilizarea pe termen lung a medicamentului \u00een \u021b\u0103rile din America \u0219i Europa a confirmat eficien\u021ba ridicat\u0103 a utiliz\u0103rii \u201eBiolatrin\u201d, o gam\u0103 larg\u0103 de aplica\u021bii, fiabilitatea mediului \u0219i perspective.<\/p>\n<p>&nbsp;<\/p>\n<p>Principalele avantaje ale produsului biologic \u201eBiolatrin\u201d pentru eliminarea de\u0219eurilor:<\/p>\n<p>Descompunerea accelerat\u0103 a de\u0219eurilor \u0219i a produselor reziduale;<\/p>\n<p>Descompunerea materialelor - de\u0219euri alimentare, gr\u0103simi, h\u00e2rtie, amidon, cur\u0103\u021barea legumelor;<\/p>\n<p>Prevenirea form\u0103rii sedimentelor de fund \u0219i a crustei la suprafa\u021b\u0103 \u00een rezervoare;<\/p>\n<p>Eliminarea complet\u0103 a mirosurilor putride;<\/p>\n<p>\u00cempiedica\u021bi murd\u0103rirea conductelor de drenaj<strong>\u00a0\u00a0\u00a0\u00a0\u00a0\u00a0\u00a0\u00a0\u00a0\u00a0\u00a0\u00a0\u00a0\u00a0\u00a0\u00a0\u00a0\u00a0\u00a0\u00a0\u00a0\u00a0 \u00a0\u00a0\u00a0\u00a0\u00a0<\/strong><\/p>\n<p><strong>\u00a0\u00a0\u00a0\u00a0\u00a0\u00a0\u00a0\u00a0\u00a0\u00a0\u00a0\u00a0\u00a0\u00a0\u00a0\u00a0\u00a0\u00a0\u00a0\u00a0\u00a0\u00a0\u00a0\u00a0\u00a0\u00a0\u00a0\u00a0\u00a0\u00a0\u00a0\u00a0\u00a0\u00a0\u00a0\u00a0\u00a0\u00a0\u00a0 Cum se utilizeaz\u0103 BIOLATRIN:<\/strong><\/p>\n<p>Cantitatea de produs biologic m\u0103surat\u0103, conform \u201eTABELUL POR\u021aIONAL\u201d ata\u0219at, trebuie turnat\u0103 \u00een ap\u0103 cald\u0103, cel pu\u021bin 5 litri, amestecat\u0103, a\u0219tepta\u021bi aproximativ 30 de minute \u0219i turnat\u0103 \u00een conductele de scurgere, de exemplu, printr-un vas de toalet\u0103, un trapa de inspec\u021bie etc.<\/p>\n<p>PORTION TABLE (pachet = 33 por\u021bii din preparat)<\/p>\n<table style=\"height: 333px;\" width=\"824\">\n<tbody>\n<tr>\n<td width=\"96\">\n<h6><strong>Sistemul sanitar<\/strong><\/h6>\n<\/td>\n<td width=\"64\">\n<h6><strong>Cesspool p\u00e2n\u0103 la 6m3<\/strong><\/h6>\n<\/td>\n<td width=\"64\">\n<h6><strong>Cesspool p\u00e2n\u0103 la 12m3<\/strong><\/h6>\n<\/td>\n<td width=\"64\">\n<h6><strong>Cesspool p\u00e2n\u0103 la 18m3<\/strong><\/h6>\n<\/td>\n<td width=\"66\">\n<h6><strong>Cesspool p\u00e2n\u0103 la 4m3 de drenaj<\/strong><\/h6>\n<\/td>\n<td width=\"66\">\n<h6><strong>Cesspool p\u00e2n\u0103 la 12m3 de drenaj<\/strong><\/h6>\n<\/td>\n<td width=\"66\">\n<h6><strong>Cesspool p\u00e2n\u0103 la 18m3 de drenaj<\/strong><\/h6>\n<\/td>\n<td width=\"58\">\n<h6><strong>Gropi<\/strong><\/h6>\n<h6><strong>cloacal<\/strong><\/h6>\n<\/td>\n<td width=\"74\">\n<h6><strong>Canalizare autonom\u0103, volum 1m3<\/strong><\/h6>\n<\/td>\n<\/tr>\n<tr>\n<td colspan=\"9\" width=\"620\">\n<h6><strong>DOZELE<\/strong><\/h6>\n<\/td>\n<\/tr>\n<tr>\n<td width=\"96\">\n<h6><strong>Doza ini\u021bial\u0103 \u00een por\u021bii<\/strong><\/h6>\n<\/td>\n<td width=\"64\">\n<h6><strong>12<\/strong><\/h6>\n<\/td>\n<td width=\"64\">\n<h6><strong>16<\/strong><\/h6>\n<\/td>\n<td width=\"64\">\n<h6><strong>20<\/strong><\/h6>\n<\/td>\n<td width=\"66\">\n<h6><strong>10<\/strong><\/h6>\n<\/td>\n<td width=\"66\">\n<h6><strong>16<\/strong><\/h6>\n<\/td>\n<td width=\"66\">\n<h6><strong>20<\/strong><\/h6>\n<\/td>\n<td width=\"58\">\n<h6><strong>5<\/strong><\/h6>\n<\/td>\n<td width=\"74\">\n<h6><strong>4<\/strong><\/h6>\n<\/td>\n<\/tr>\n<tr>\n<td width=\"96\">\n<h6><strong>Doza de sprijin <\/strong><strong>lunar <\/strong><strong>\u00een por\u021bii<\/strong><\/h6>\n<\/td>\n<td width=\"64\">\n<h6><strong>3<\/strong><\/h6>\n<\/td>\n<td width=\"64\">\n<h6><strong>4<\/strong><\/h6>\n<\/td>\n<td width=\"64\">\n<h6><strong>6<\/strong><\/h6>\n<\/td>\n<td width=\"66\">\n<h6><strong>2<\/strong><\/h6>\n<\/td>\n<td width=\"66\">\n<h6><strong>4<\/strong><\/h6>\n<\/td>\n<td width=\"66\">\n<h6><strong>6<\/strong><\/h6>\n<\/td>\n<td width=\"58\">\n<h6><strong>2<\/strong><\/h6>\n<\/td>\n<td width=\"74\">\n<h6><strong>2<\/strong><\/h6>\n<\/td>\n<\/tr>\n<\/tbody>\n<\/table>\n<h6><\/h6>","protected":false},"excerpt":{"rendered":"<p>Agent de eliminare microbian\u0103 a foselor septice \u0219i a foselor septice conceput pentru a \u00eendep\u0103rta con\u021binutul foselor septice \u0219i al dispozitivelor similare. Pentru utilizare acas\u0103 \u0219i \u00een c\u0103su\u021bele de var\u0103.<\/p>\n<h2><strong>15EUR<\/strong><\/h2>","protected":false},"featured_media":826,"comment_status":"open","ping_status":"closed","template":"","meta":{"_acf_changed":false},"product_brand":[],"product_cat":[323],"product_tag":[],"class_list":{"0":"post-822","1":"product","2":"type-product","3":"status-publish","4":"has-post-thumbnail","6":"product_cat-bakterii-dlya-septikov","8":"first","9":"instock","10":"shipping-taxable","11":"product-type-simple"},"acf":[],"_links":{"self":[{"href":"https:\/\/ecoline.md\/ro\/wp-json\/wp\/v2\/product\/822","targetHints":{"allow":["GET"]}}],"collection":[{"href":"https:\/\/ecoline.md\/ro\/wp-json\/wp\/v2\/product"}],"about":[{"href":"https:\/\/ecoline.md\/ro\/wp-json\/wp\/v2\/types\/product"}],"replies":[{"embeddable":true,"href":"https:\/\/ecoline.md\/ro\/wp-json\/wp\/v2\/comments?post=822"}],"wp:featuredmedia":[{"embeddable":true,"href":"https:\/\/ecoline.md\/ro\/wp-json\/wp\/v2\/media\/826"}],"wp:attachment":[{"href":"https:\/\/ecoline.md\/ro\/wp-json\/wp\/v2\/media?parent=822"}],"wp:term":[{"taxonomy":"product_brand","embeddable":true,"href":"https:\/\/ecoline.md\/ro\/wp-json\/wp\/v2\/product_brand?post=822"},{"taxonomy":"product_cat","embeddable":true,"href":"https:\/\/ecoline.md\/ro\/wp-json\/wp\/v2\/product_cat?post=822"},{"taxonomy":"product_tag","embeddable":true,"href":"https:\/\/ecoline.md\/ro\/wp-json\/wp\/v2\/product_tag?post=822"}],"curies":[{"name":"wp","href":"https:\/\/api.w.org\/{rel}","templated":true}]}}