{"id":864,"date":"2021-01-31T08:45:11","date_gmt":"2021-01-31T05:45:11","guid":{"rendered":"https:\/\/ecoline.md\/?post_type=product&#038;p=864"},"modified":"2023-02-10T18:26:51","modified_gmt":"2023-02-10T15:26:51","slug":"vyezd-inzhenera","status":"publish","type":"product","link":"https:\/\/ecoline.md\/ro\/product\/vyezd-inzhenera\/","title":{"rendered":"PLECAREA INGINERULUI"},"content":{"rendered":"<p>Pentru selectarea <a href=\"https:\/\/ecoline.md\/ro\/\">optim\u0103 a instala\u021biei de tratare,<\/a> Masteco Grup v\u0103 ofer\u0103 s\u0103 organiza\u021bi o vizit\u0103 gratuit\u0103 a specialistului nostru pe site-ul dvs. Dup\u0103 ce a studiat condi\u021biile propuse, inginerul va calcula volumul evacu\u0103rii salvei, va sf\u0103tui loca\u021bia optim\u0103 pentru sta\u021bia de epurare \u0219i va selecta modelul potrivit pentru casa dvs.<\/p>\n<p>Un factor important la instalarea <a href=\"https:\/\/ecoline.md\/ro\/produs\/montazh\/\">unui sistem de tratare este drenajul,<\/a> iar specialistul va oferi una dintre op\u021biunile sale posibile: drenarea \u00eentr-un pu\u021b de drenaj instalat, \u00eentr-un \u0219an\u021b de furtun\u0103 sau instalarea unui recipient special pentru colectarea apei tratate \u0219i utilizarea sa ulterioar\u0103 \u00een scopuri economice. . La sf\u00e2r\u0219itul vizitei sale, inginerul va face un calcul preliminar al devizului \u0219i va \u00eentocmi o schem\u0103 pentru instalarea sta\u021biei de epurare. Specialistul poate veni \u00een orice zi convenabil\u0103 pentru dvs., chiar \u0219i \u00een weekend.<\/p>","protected":false},"excerpt":{"rendered":"<p>Apel gratuit la speciali\u0219ti califica\u021bi cu vizita \u00een or ce col\u021b a Moldovei - ecoline.md<\/p>","protected":false},"featured_media":875,"comment_status":"open","ping_status":"closed","template":"","meta":{"_acf_changed":false},"product_brand":[],"product_cat":[15],"product_tag":[],"class_list":{"0":"post-864","1":"product","2":"type-product","3":"status-publish","4":"has-post-thumbnail","6":"product_cat-uslugi","8":"first","9":"instock","10":"featured","11":"shipping-taxable","12":"product-type-simple"},"acf":[],"_links":{"self":[{"href":"https:\/\/ecoline.md\/ro\/wp-json\/wp\/v2\/product\/864","targetHints":{"allow":["GET"]}}],"collection":[{"href":"https:\/\/ecoline.md\/ro\/wp-json\/wp\/v2\/product"}],"about":[{"href":"https:\/\/ecoline.md\/ro\/wp-json\/wp\/v2\/types\/product"}],"replies":[{"embeddable":true,"href":"https:\/\/ecoline.md\/ro\/wp-json\/wp\/v2\/comments?post=864"}],"wp:featuredmedia":[{"embeddable":true,"href":"https:\/\/ecoline.md\/ro\/wp-json\/wp\/v2\/media\/875"}],"wp:attachment":[{"href":"https:\/\/ecoline.md\/ro\/wp-json\/wp\/v2\/media?parent=864"}],"wp:term":[{"taxonomy":"product_brand","embeddable":true,"href":"https:\/\/ecoline.md\/ro\/wp-json\/wp\/v2\/product_brand?post=864"},{"taxonomy":"product_cat","embeddable":true,"href":"https:\/\/ecoline.md\/ro\/wp-json\/wp\/v2\/product_cat?post=864"},{"taxonomy":"product_tag","embeddable":true,"href":"https:\/\/ecoline.md\/ro\/wp-json\/wp\/v2\/product_tag?post=864"}],"curies":[{"name":"wp","href":"https:\/\/api.w.org\/{rel}","templated":true}]}}