{"id":972,"date":"2021-02-05T11:48:04","date_gmt":"2021-02-05T08:48:04","guid":{"rendered":"https:\/\/ecoline.md\/?post_type=product&#038;p=972"},"modified":"2022-08-12T13:29:43","modified_gmt":"2022-08-12T10:29:43","slug":"zhrp-20","status":"publish","type":"product","link":"https:\/\/ecoline.md\/ro\/product\/zhrp-20\/","title":{"rendered":"LRP 2.0"},"content":{"rendered":"<p>Capcan\u0103 de gr\u0103sime \u00een serie cu performan\u021be ridicate.<br \/>\nPoate fi instalat sub chiuvete duble \u0219i triple sau pe o conduct\u0103 comun\u0103 \u00eentr-o camer\u0103 cu patru chiuvete simple. Poate fi instalat \u00een subsol.<\/p>\n<p>Pe imagine:<\/p>\n<p>1-intrare de ap\u0103 uleioas\u0103;<\/p>\n<p>2-ie\u0219ire de ap\u0103 purificat\u0103;<\/p>\n<p>3-parti\u021bie, intern\u0103;<\/p>\n<p>Conduct\u0103 de ventila\u021bie cu 4 ramuri;<\/p>\n<p>5-sedimente;<\/p>\n<p>6-gr\u0103sime.<\/p>\n<p>&nbsp;<\/p>","protected":false},"excerpt":{"rendered":"<h2><strong>\u043e\u0442 500EUR<\/strong><\/h2>\n<p>Capcan\u0103 de gr\u0103sime \u00een serie cu performan\u021be ridicate.<\/p>","protected":false},"featured_media":978,"comment_status":"open","ping_status":"closed","template":"","meta":{"_acf_changed":false},"product_brand":[],"product_cat":[213],"product_tag":[],"class_list":{"0":"post-972","1":"product","2":"type-product","3":"status-publish","4":"has-post-thumbnail","6":"product_cat-zhirouloviteli-pod-mojku","8":"first","9":"instock","10":"shipping-taxable","11":"product-type-simple"},"acf":[],"_links":{"self":[{"href":"https:\/\/ecoline.md\/ro\/wp-json\/wp\/v2\/product\/972","targetHints":{"allow":["GET"]}}],"collection":[{"href":"https:\/\/ecoline.md\/ro\/wp-json\/wp\/v2\/product"}],"about":[{"href":"https:\/\/ecoline.md\/ro\/wp-json\/wp\/v2\/types\/product"}],"replies":[{"embeddable":true,"href":"https:\/\/ecoline.md\/ro\/wp-json\/wp\/v2\/comments?post=972"}],"wp:featuredmedia":[{"embeddable":true,"href":"https:\/\/ecoline.md\/ro\/wp-json\/wp\/v2\/media\/978"}],"wp:attachment":[{"href":"https:\/\/ecoline.md\/ro\/wp-json\/wp\/v2\/media?parent=972"}],"wp:term":[{"taxonomy":"product_brand","embeddable":true,"href":"https:\/\/ecoline.md\/ro\/wp-json\/wp\/v2\/product_brand?post=972"},{"taxonomy":"product_cat","embeddable":true,"href":"https:\/\/ecoline.md\/ro\/wp-json\/wp\/v2\/product_cat?post=972"},{"taxonomy":"product_tag","embeddable":true,"href":"https:\/\/ecoline.md\/ro\/wp-json\/wp\/v2\/product_tag?post=972"}],"curies":[{"name":"wp","href":"https:\/\/api.w.org\/{rel}","templated":true}]}}